{"id":17390,"date":"2014-05-20T07:51:11","date_gmt":"2014-05-20T07:51:11","guid":{"rendered":"https:\/\/www.maderaschapar.com\/home\/"},"modified":"2018-01-02T11:41:36","modified_gmt":"2018-01-02T11:41:36","slug":"home","status":"publish","type":"page","link":"https:\/\/www.maderaschapar.com\/fr\/","title":{"rendered":"Inicio"},"content":{"rendered":"<div class=\"wpb-content-wrapper\"><p>[vc_row row_type=\u00a0\u00bbrow\u00a0\u00bb use_row_as_full_screen_section=\u00a0\u00bbno\u00a0\u00bb type=\u00a0\u00bbfull_width\u00a0\u00bb angled_section=\u00a0\u00bbno\u00a0\u00bb text_align=\u00a0\u00bbleft\u00a0\u00bb background_image_as_pattern=\u00a0\u00bbwithout_pattern\u00a0\u00bb css_animation=\u00a0\u00bb\u00a0\u00bb][vc_column]\n\t\t\t<!-- START HOME REVOLUTION SLIDER 6.7.20 --><p class=\"rs-p-wp-fix\"><\/p>\n\t\t\t<rs-module-wrap id=\"rev_slider_1_1_wrapper\" data-source=\"gallery\" style=\"visibility:hidden;background:transparent;padding:0;\">\n\t\t\t\t<rs-module id=\"rev_slider_1_1\" style=\"\" data-version=\"6.7.20\">\n\t\t\t\t\t<rs-slides style=\"overflow: hidden; position: absolute;\">\n\t\t\t\t\t\t<rs-slide style=\"position: absolute;\" data-key=\"rs-1\" data-title=\"Slide\" data-thumb=\"\/\/www.maderaschapar.com\/wp-content\/uploads\/2016\/10\/slide-instalaciones-100x50.jpg\" data-anim=\"adpr:false;\">\n\t\t\t\t\t\t\t<img decoding=\"async\" src=\"\/\/www.maderaschapar.com\/wp-content\/plugins\/revslider\/sr6\/assets\/assets\/dummy.png\" alt=\"\" title=\"Inicio\" class=\"rev-slidebg tp-rs-img rs-lazyload\" data-lazyload=\"\/\/www.maderaschapar.com\/wp-content\/uploads\/2016\/10\/slide-instalaciones.jpg\" data-parallax=\"off\" data-no-retina>\n<!---->\t\t\t\t\t<\/rs-slide>\n\t\t\t\t\t\t<rs-slide style=\"position: absolute;\" data-key=\"rs-2\" data-title=\"Slide\" data-thumb=\"\/\/www.maderaschapar.com\/wp-content\/uploads\/2016\/10\/slide-stok-100x50.jpg\" data-anim=\"adpr:false;\">\n\t\t\t\t\t\t\t<img decoding=\"async\" src=\"\/\/www.maderaschapar.com\/wp-content\/plugins\/revslider\/sr6\/assets\/assets\/dummy.png\" alt=\"\" title=\"Inicio\" class=\"rev-slidebg tp-rs-img rs-lazyload\" data-lazyload=\"\/\/www.maderaschapar.com\/wp-content\/uploads\/2016\/10\/slide-stok.jpg\" data-parallax=\"off\" data-no-retina>\n<!---->\t\t\t\t\t<\/rs-slide>\n\t\t\t\t\t\t<rs-slide style=\"position: absolute;\" data-key=\"rs-6\" data-title=\"Slide\" data-thumb=\"\/\/www.maderaschapar.com\/wp-content\/uploads\/2017\/04\/slide-secaderos-2-100x50.jpg\" data-anim=\"adpr:false;\">\n\t\t\t\t\t\t\t<img decoding=\"async\" src=\"\/\/www.maderaschapar.com\/wp-content\/plugins\/revslider\/sr6\/assets\/assets\/dummy.png\" alt=\"\" title=\"Inicio\" class=\"rev-slidebg tp-rs-img rs-lazyload\" data-lazyload=\"\/\/www.maderaschapar.com\/wp-content\/uploads\/2017\/04\/slide-secaderos-2.jpg\" data-parallax=\"off\" data-no-retina>\n<!---->\t\t\t\t\t<\/rs-slide>\n\t\t\t\t\t\t<rs-slide style=\"position: absolute;\" data-key=\"rs-4\" data-title=\"Slide\" data-thumb=\"\/\/www.maderaschapar.com\/wp-content\/uploads\/2017\/04\/slide-stock-100x50.jpg\" data-anim=\"adpr:false;\">\n\t\t\t\t\t\t\t<img decoding=\"async\" src=\"\/\/www.maderaschapar.com\/wp-content\/plugins\/revslider\/sr6\/assets\/assets\/dummy.png\" alt=\"\" title=\"Inicio\" class=\"rev-slidebg tp-rs-img rs-lazyload\" data-lazyload=\"\/\/www.maderaschapar.com\/wp-content\/uploads\/2017\/04\/slide-stock.jpg\" data-parallax=\"off\" data-no-retina>\n<!---->\t\t\t\t\t<\/rs-slide>\n\t\t\t\t\t\t<rs-slide style=\"position: absolute;\" data-key=\"rs-5\" data-title=\"Slide\" data-thumb=\"\/\/www.maderaschapar.com\/wp-content\/uploads\/2017\/04\/slide-cmpc-100x50.jpg\" data-anim=\"adpr:false;\">\n\t\t\t\t\t\t\t<img decoding=\"async\" src=\"\/\/www.maderaschapar.com\/wp-content\/plugins\/revslider\/sr6\/assets\/assets\/dummy.png\" alt=\"\" title=\"Inicio\" class=\"rev-slidebg tp-rs-img rs-lazyload\" data-lazyload=\"\/\/www.maderaschapar.com\/wp-content\/uploads\/2017\/04\/slide-cmpc.jpg\" data-parallax=\"off\" data-no-retina>\n<!---->\t\t\t\t\t<\/rs-slide>\n\t\t\t\t\t<\/rs-slides>\n\t\t\t\t<\/rs-module>\n\t\t\t\t<script>\n\t\t\t\t\tsetREVStartSize({c: 'rev_slider_1_1',rl:[1240,1024,778,480],el:[],gw:[1240,1024,778,480],gh:[600,768,960,720],type:'standard',justify:'',layout:'fullscreen',offsetContainer:'',offset:'',mh:\"0\"});if (window.RS_MODULES!==undefined && window.RS_MODULES.modules!==undefined && window.RS_MODULES.modules[\"revslider11\"]!==undefined) {window.RS_MODULES.modules[\"revslider11\"].once = false;window.revapi1 = undefined;if (window.RS_MODULES.checkMinimal!==undefined) window.RS_MODULES.checkMinimal()}\n\t\t\t\t<\/script>\n\t\t\t<\/rs-module-wrap>\n\t\t\t<!-- END REVOLUTION SLIDER -->\n[\/vc_column][\/vc_row][vc_row row_type=\u00a0\u00bbrow\u00a0\u00bb use_row_as_full_screen_section=\u00a0\u00bbno\u00a0\u00bb type=\u00a0\u00bbgrid\u00a0\u00bb angled_section=\u00a0\u00bbno\u00a0\u00bb text_align=\u00a0\u00bbcenter\u00a0\u00bb background_image=\u00a0\u00bb17225&Prime; background_image_as_pattern=\u00a0\u00bbwithout_pattern\u00a0\u00bb css_animation=\u00a0\u00bb\u00a0\u00bb css=\u00a0\u00bb.vc_custom_1502613326756{padding-top: 100px !important;padding-bottom: 50px !important;}\u00a0\u00bb][vc_column][vc_row_inner row_type=\u00a0\u00bbrow\u00a0\u00bb type=\u00a0\u00bbfull_width\u00a0\u00bb text_align=\u00a0\u00bbleft\u00a0\u00bb side_padding=\u00a0\u00bb5%\u00a0\u00bb css_animation=\u00a0\u00bb\u00a0\u00bb css=\u00a0\u00bb.vc_custom_1502615925609{padding-right: 5% !important;padding-left: 5% !important;}\u00a0\u00bb][vc_column_inner width=\u00a0\u00bb1\/3&Prime;][vc_column_text css=\u00a0\u00bb.vc_custom_1507883484779{margin-right: 10px !important;}\u00a0\u00bb]<\/p>\n<h2 style=\"text-align: right;\"><span style=\"color: #87b305;\">Nos solutions pour des bois de qualit\u00e9<\/span><\/h2>\n<h3 style=\"text-align: right;\"><span style=\"color: #ffffff;\">Notre savoir-faire et nos innovations<\/span><\/h3>\n<p>[\/vc_column_text][\/vc_column_inner][vc_column_inner width=\u00a0\u00bb2\/3&Prime;][vc_column_text css=\u00a0\u00bb.vc_custom_1514893179186{margin-left: 10px !important;}\u00a0\u00bb]<span style=\"color: #ffffff;\">Plus de quarante ann\u00e9es d\u00e9j\u00e0 de connaissance et de maitrise du mat\u00e9riaux bois , deux g\u00e9n\u00e9rations, qui se sont investies pour choisir, stocker, s\u00e9cher et distribuer du bois. \u00c0 la base, notre recherche dans l&rsquo;achat des meilleures mati\u00e8res premi\u00e8res, des meilleures provenances, puis au fil des d\u00e9c\u00e9nnies, nos investissements et notre savoir-faire dans le d\u00e9licat processus de s\u00e9chage du bois et enfin, notre r\u00e9activit\u00e9 face aux demandes de clients toujours plus exigeantes.<\/span><\/p>\n<p>&nbsp;<\/p>\n<p><span style=\"color: #ffffff;\">Mais en d\u00e9pit de cette longue et enrichissante trajectoire aupr\u00e8s de nos clients, c\u2019est notre ambition et les changements continuels du march\u00e9 qui nous poussent, encore aujourd\u2019hui, \u00e0 toujours plus diversifier notre \u00e9ventail d&rsquo;essences et de produits.<\/span><\/p>\n<p>&nbsp;<\/p>\n<p><span style=\"color: #ffffff;\">L&rsquo;\u00e9volution de notre entreprise nous a conduit \u00e0 obtenir les \u00e9cocertifications PEFC et FSC\u00ae et \u00e0 nous internationaliser avec succ\u00e8s par l\u2019interm\u00e9diaire de l&rsquo;ouverture d&rsquo;une d\u00e9l\u00e9gation au Portugal. Notre souhait de grandir est encore celui qui nous anime depuis la cr\u00e9ation de notre soci\u00e9t\u00e9, tout en maintenant l&rsquo;excellence, dans le travail noble du bois comme dans celui de la prestation et du service que nous avons toujours apport\u00e9 \u00e0 notre client\u00e9le.<\/span>[\/vc_column_text][\/vc_column_inner][\/vc_row_inner][vc_separator type=\u00a0\u00bbtransparent\u00a0\u00bb up=\u00a0\u00bb50&Prime; down=\u00a0\u00bb0&Prime;][vc_row_inner row_type=\u00a0\u00bbrow\u00a0\u00bb type=\u00a0\u00bbfull_width\u00a0\u00bb text_align=\u00a0\u00bbcenter\u00a0\u00bb row_negative_margin=\u00a0\u00bbdisable_negative_margin\u00a0\u00bb css_animation=\u00a0\u00bb\u00a0\u00bb][vc_column_inner width=\u00a0\u00bb1\/4&Prime;]<div class='q_icon_with_title very_large custom_icon_image center'><div class=\"icon_holder \" style=\" \"><img decoding=\"async\" itemprop=\"image\" style=\"\" src=\"https:\/\/www.maderaschapar.com\/wp-content\/uploads\/2017\/04\/servicio_corte1.png\" alt=\"\"><\/div><div class=\"icon_text_holder\" style=\"\"><div class=\"icon_text_inner\" style=\"\"><h3 class=\"icon_title\" style=\"color: #87b305;font-weight: 800;\">SCIAGE<\/h3>[vc_separator type=\"small\" position=\"left\" color=\"\" thickness=\"2\" width=\"20\" up=\"10\" down=\"10\"]<p style='color: #ffffff'>Flexibilit\u00e9 et capacit\u00e9 de production gr\u00e2ce \u00e0 nos installations de sciage.<\/p><\/div><\/div><\/div>[\/vc_column_inner][vc_column_inner width=\u00a0\u00bb1\/4&Prime;]<div class='q_icon_with_title very_large custom_icon_image center'><div class=\"icon_holder \" style=\" \"><img decoding=\"async\" itemprop=\"image\" style=\"\" src=\"https:\/\/www.maderaschapar.com\/wp-content\/uploads\/2017\/04\/servicio_secado1.png\" alt=\"\"><\/div><div class=\"icon_text_holder\" style=\"\"><div class=\"icon_text_inner\" style=\"\"><h3 class=\"icon_title\" style=\"color: #87b305;font-weight: 800;\">S\u00c9CHAGE<\/h3>[vc_separator type=\"small\" position=\"left\" color=\"\" thickness=\"2\" width=\"20\" up=\"10\" down=\"10\"]<p style='color: #ffffff'>S\u00e9choirs de derni\u00e8re g\u00e9n\u00e9ration pour un service rapide et de qualit\u00e9.<\/p><\/div><\/div><\/div>[\/vc_column_inner][vc_column_inner width=\u00a0\u00bb1\/4&Prime;]<div class='q_icon_with_title very_large custom_icon_image center'><div class=\"icon_holder \" style=\" \"><img decoding=\"async\" itemprop=\"image\" style=\"\" src=\"https:\/\/www.maderaschapar.com\/wp-content\/uploads\/2017\/04\/servicio_almacenado1.png\" alt=\"\"><\/div><div class=\"icon_text_holder\" style=\"\"><div class=\"icon_text_inner\" style=\"\"><h3 class=\"icon_title\" style=\"color: #87b305;font-weight: 800;\">STOCKAGE<\/h3>[vc_separator type=\"small\" position=\"left\" color=\"\" thickness=\"2\" width=\"20\" up=\"10\" down=\"10\"]<p style='color: #ffffff'>Plus de 10.000 m3 de stock dans diff\u00e9rentes essences et dimensions.<\/p><\/div><\/div><\/div>[\/vc_column_inner][vc_column_inner width=\u00a0\u00bb1\/4&Prime;]<div class='q_icon_with_title very_large custom_icon_image center'><div class=\"icon_holder \" style=\" \"><img decoding=\"async\" itemprop=\"image\" style=\"\" src=\"https:\/\/www.maderaschapar.com\/wp-content\/uploads\/2017\/04\/servicio_distribucion1.png\" alt=\"\"><\/div><div class=\"icon_text_holder\" style=\"\"><div class=\"icon_text_inner\" style=\"\"><h3 class=\"icon_title\" style=\"color: #87b305;font-weight: 800;\">DISTRIBUTION<\/h3>[vc_separator type=\"small\" position=\"left\" color=\"\" thickness=\"2\" width=\"20\" up=\"10\" down=\"10\"]<p style='color: #ffffff'>Un catalogue riche et innovant de produits semi-ouvr\u00e9s.<\/p><\/div><\/div><\/div>[\/vc_column_inner][\/vc_row_inner][\/vc_column][\/vc_row][vc_row row_type=\u00a0\u00bbrow\u00a0\u00bb use_row_as_full_screen_section=\u00a0\u00bbno\u00a0\u00bb type=\u00a0\u00bbfull_width\u00a0\u00bb angled_section=\u00a0\u00bbno\u00a0\u00bb text_align=\u00a0\u00bbleft\u00a0\u00bb background_image_as_pattern=\u00a0\u00bbwithout_pattern\u00a0\u00bb css_animation=\u00a0\u00bb\u00a0\u00bb css=\u00a0\u00bb.vc_custom_1489660163676{padding-right: 15% !important;padding-left: 15% !important;}\u00a0\u00bb][vc_column css=\u00a0\u00bb.vc_custom_1502624407284{padding-top: 5% !important;padding-bottom: 5% !important;}\u00a0\u00bb offset=\u00a0\u00bbvc_hidden-xs\u00a0\u00bb][vc_custom_heading text=\u00a0\u00bbPRODUITS\u00a0\u00bb font_container=\u00a0\u00bbtag:h2|font_size:35|text_align:center|color:%2387b305&Prime; use_theme_fonts=\u00a0\u00bbyes\u00a0\u00bb][vc_custom_heading text=\u00a0\u00bbLARGE VARI\u00c9T\u00c9 D&rsquo;ESSENCES, DE QUALIT\u00c9S ET DE FORMATS,<br \/>\nPR\u00caTS \u00c0 UTILISER EN INT\u00c9RIEUR ET EN EXT\u00c9RIEUR.\u00a0\u00bb font_container=\u00a0\u00bbtag:h4|font_size:20|text_align:center\u00a0\u00bb use_theme_fonts=\u00a0\u00bbyes\u00a0\u00bb el_class=\u00a0\u00bbletter-spacing: 0px\u00a0\u00bb][vc_empty_space][vc_basic_grid post_type=\u00a0\u00bbpost\u00a0\u00bb max_items=\u00a0\u00bb\u00a0\u00bb style=\u00a0\u00bbpagination\u00a0\u00bb items_per_page=\u00a0\u00bb8&Prime; show_filter=\u00a0\u00bbyes\u00a0\u00bb element_width=\u00a0\u00bb3&Prime; gap=\u00a0\u00bb10&Prime; orderby=\u00a0\u00bbrand\u00a0\u00bb order=\u00a0\u00bbASC\u00a0\u00bb filter_size=\u00a0\u00bbsm\u00a0\u00bb item=\u00a0\u00bb16047&Prime; grid_id=\u00a0\u00bbvc_gid:1514893142848-607f0d25-282c-1&Prime; filter_source=\u00a0\u00bbcategory\u00a0\u00bb css=\u00a0\u00bb.vc_custom_1502209864808{padding-top: 25px !important;}\u00a0\u00bb][\/vc_column][\/vc_row][vc_row row_type=\u00a0\u00bbrow\u00a0\u00bb use_row_as_full_screen_section=\u00a0\u00bbno\u00a0\u00bb type=\u00a0\u00bbfull_width\u00a0\u00bb angled_section=\u00a0\u00bbno\u00a0\u00bb text_align=\u00a0\u00bbleft\u00a0\u00bb background_image_as_pattern=\u00a0\u00bbwithout_pattern\u00a0\u00bb css_animation=\u00a0\u00bb\u00a0\u00bb][vc_column css=\u00a0\u00bb.vc_custom_1502624429692{padding-top: 5% !important;padding-bottom: 5% !important;}\u00a0\u00bb offset=\u00a0\u00bbvc_hidden-lg vc_hidden-md vc_hidden-sm\u00a0\u00bb][vc_custom_heading text=\u00a0\u00bbPRODUCTOS\u00a0\u00bb font_container=\u00a0\u00bbtag:h2|font_size:35|text_align:center|color:%2387b305&Prime; use_theme_fonts=\u00a0\u00bbyes\u00a0\u00bb][vc_custom_heading text=\u00a0\u00bbAMPLIA VARIEDAD DE ESPECIES, CALIDADES Y FORMATOS,<br \/>\nLISTAS PARA SU USO EN INTERIOR Y EXTERIOR.\u00a0\u00bb font_container=\u00a0\u00bbtag:h4|font_size:20|text_align:center\u00a0\u00bb use_theme_fonts=\u00a0\u00bbyes\u00a0\u00bb el_class=\u00a0\u00bbletter-spacing: 0px\u00a0\u00bb][vc_empty_space]<a  itemprop=\"url\" href=\"https:\/\/www.maderaschapar.com\/productos\/\" target=\"_self\"  class=\"qbutton  big_large_full_width right enlarge\" style=\"font-weight: 500; margin: 1px; border-radius: 3px;-moz-border-radius: 3px;-webkit-border-radius: 3px; background-color: #6b6b6b;\">Ver productos<i class=\"qode_icon_font_awesome fa fa-angle-right qode_button_icon_element\" style=\"color: #ffffff;\" ><\/i><\/a>[\/vc_column][\/vc_row]<\/p>\n<\/div>","protected":false},"excerpt":{"rendered":"<p>[vc_row row_type=\u00a0\u00bbrow\u00a0\u00bb use_row_as_full_screen_section=\u00a0\u00bbno\u00a0\u00bb type=\u00a0\u00bbfull_width\u00a0\u00bb angled_section=\u00a0\u00bbno\u00a0\u00bb text_align=\u00a0\u00bbleft\u00a0\u00bb background_image_as_pattern=\u00a0\u00bbwithout_pattern\u00a0\u00bb css_animation=\u00a0\u00bb\u00a0\u00bb][vc_column][\/vc_column][\/vc_row][vc_row row_type=\u00a0\u00bbrow\u00a0\u00bb use_row_as_full_screen_section=\u00a0\u00bbno\u00a0\u00bb type=\u00a0\u00bbgrid\u00a0\u00bb angled_section=\u00a0\u00bbno\u00a0\u00bb text_align=\u00a0\u00bbcenter\u00a0\u00bb background_image=\u00a0\u00bb17225&Prime; background_image_as_pattern=\u00a0\u00bbwithout_pattern\u00a0\u00bb css_animation=\u00a0\u00bb\u00a0\u00bb css=\u00a0\u00bb.vc_custom_1502613326756{padding-top: 100px !important;padding-bottom: 50px !important;}\u00a0\u00bb][vc_column][vc_row_inner row_type=\u00a0\u00bbrow\u00a0\u00bb type=\u00a0\u00bbfull_width\u00a0\u00bb text_align=\u00a0\u00bbleft\u00a0\u00bb side_padding=\u00a0\u00bb5%\u00a0\u00bb css_animation=\u00a0\u00bb\u00a0\u00bb css=\u00a0\u00bb.vc_custom_1502615925609{padding-right: 5% !important;padding-left: 5% !important;}\u00a0\u00bb][vc_column_inner width=\u00a0\u00bb1\/3&Prime;][vc_column_text css=\u00a0\u00bb.vc_custom_1507883484779{margin-right: 10px !important;}\u00a0\u00bb] Nos solutions pour des bois de qualit\u00e9 Notre savoir-faire et&#8230;<\/p>\n","protected":false},"author":1,"featured_media":0,"parent":0,"menu_order":0,"comment_status":"open","ping_status":"open","template":"full_width.php","meta":{"footnotes":""},"class_list":["post-17390","page","type-page","status-publish","hentry"],"_links":{"self":[{"href":"https:\/\/www.maderaschapar.com\/fr\/wp-json\/wp\/v2\/pages\/17390","targetHints":{"allow":["GET"]}}],"collection":[{"href":"https:\/\/www.maderaschapar.com\/fr\/wp-json\/wp\/v2\/pages"}],"about":[{"href":"https:\/\/www.maderaschapar.com\/fr\/wp-json\/wp\/v2\/types\/page"}],"author":[{"embeddable":true,"href":"https:\/\/www.maderaschapar.com\/fr\/wp-json\/wp\/v2\/users\/1"}],"replies":[{"embeddable":true,"href":"https:\/\/www.maderaschapar.com\/fr\/wp-json\/wp\/v2\/comments?post=17390"}],"version-history":[{"count":4,"href":"https:\/\/www.maderaschapar.com\/fr\/wp-json\/wp\/v2\/pages\/17390\/revisions"}],"predecessor-version":[{"id":18155,"href":"https:\/\/www.maderaschapar.com\/fr\/wp-json\/wp\/v2\/pages\/17390\/revisions\/18155"}],"wp:attachment":[{"href":"https:\/\/www.maderaschapar.com\/fr\/wp-json\/wp\/v2\/media?parent=17390"}],"curies":[{"name":"wp","href":"https:\/\/api.w.org\/{rel}","templated":true}]}}