{"id":17412,"date":"2017-01-16T08:12:58","date_gmt":"2017-01-16T08:12:58","guid":{"rendered":"https:\/\/www.maderaschapar.com\/productos\/"},"modified":"2024-10-07T09:42:00","modified_gmt":"2024-10-07T09:42:00","slug":"produits","status":"publish","type":"page","link":"https:\/\/www.maderaschapar.com\/fr\/produits\/","title":{"rendered":"Produits"},"content":{"rendered":"<div class=\"wpb-content-wrapper\"><p>[vc_row row_type=\u00a0\u00bbrow\u00a0\u00bb use_row_as_full_screen_section=\u00a0\u00bbno\u00a0\u00bb type=\u00a0\u00bbgrid\u00a0\u00bb angled_section=\u00a0\u00bbno\u00a0\u00bb text_align=\u00a0\u00bbcenter\u00a0\u00bb background_image_as_pattern=\u00a0\u00bbwithout_pattern\u00a0\u00bb padding_top=\u00a0\u00bb75&Prime; padding_bottom=\u00a0\u00bb40&Prime; css_animation=\u00a0\u00bb\u00a0\u00bb][vc_column width=\u00a0\u00bb1\/6&Prime;][\/vc_column][vc_column width=\u00a0\u00bb2\/3&Prime;][vc_separator type=\u00a0\u00bbtransparent\u00a0\u00bb up=\u00a0\u00bb26&Prime; down=\u00a0\u00bb0&Prime;][vc_custom_heading text=\u00a0\u00bbNOS PRODUITS\u00a0\u00bb font_container=\u00a0\u00bbtag:h1|font_size:30|text_align:center|color:%239bc13c\u00a0\u00bb use_theme_fonts=\u00a0\u00bbyes\u00a0\u00bb][vc_custom_heading text=\u00a0\u00bbEXPERTS EN BOIS\u00a0\u00bb font_container=\u00a0\u00bbtag:h1|font_size:20|text_align:center|color:%23000000&Prime; use_theme_fonts=\u00a0\u00bbyes\u00a0\u00bb][vc_column_text css=\u00a0\u00bb.vc_custom_1507889484118{margin-top: 20px !important;}\u00a0\u00bb]Sur un march\u00e9 toujours plus global, <strong><span style=\"color: #99cc00;\">MADERAS CHAPAR<\/span> <\/strong>vous offre un vaste choix de bois en provenance des cinq continents. Gr\u00e2ce \u00e0 notre grande capacit\u00e9 d&rsquo;importation, nous sommes en mesure d&rsquo;effectuer la meilleure s\u00e9lection de mati\u00e8res premi\u00e8res selon des crit\u00e8res stricts de qualit\u00e9 et de respect de l&rsquo;environnement.<\/p>\n<p>&nbsp;<\/p>\n<p>Nous sommes experts dans la commercialisation du bois sous toutes ses formes. Nous mettons \u00e0 votre service une large gamme de contreplaqu\u00e9s pour usages multiples, de bois pour ext\u00e9rieur, de profil\u00e9s de Pin lamin\u00e9 avec fingers pour fen\u00eatres \u2026<\/p>\n<p>&nbsp;<\/p>\n<p>Nous vous conseillons avec l&rsquo;exp\u00e9rience acquise sur quatre d\u00e9c\u00e9nies dans le travail du bois, dans une connaissance approfondie des mati\u00e8res premi\u00e8res et de toutes les \u00e9tapes du processus, du choix dans le pays d&rsquo;origine jusqu&rsquo;\u00e0 la distribution<\/p>\n<p>[\/vc_column_text][\/vc_column][vc_column width=\u00a0\u00bb1\/6&Prime;][\/vc_column][\/vc_row][vc_row row_type=\u00a0\u00bbrow\u00a0\u00bb use_row_as_full_screen_section=\u00a0\u00bbno\u00a0\u00bb type=\u00a0\u00bbfull_width\u00a0\u00bb header_style=\u00a0\u00bblight\u00a0\u00bb angled_section=\u00a0\u00bbno\u00a0\u00bb text_align=\u00a0\u00bbcenter\u00a0\u00bb background_image_as_pattern=\u00a0\u00bbwithout_pattern\u00a0\u00bb css_animation=\u00a0\u00bb\u00a0\u00bb][vc_column][vc_empty_space][vc_row_inner row_type=\u00a0\u00bbrow\u00a0\u00bb use_as_box=\u00a0\u00bbuse_row_as_box\u00a0\u00bb type=\u00a0\u00bbfull_width\u00a0\u00bb text_align=\u00a0\u00bbleft\u00a0\u00bb css_animation=\u00a0\u00bb\u00a0\u00bb][vc_column_inner width=\u00a0\u00bb1\/6&Prime;][\/vc_column_inner][vc_column_inner width=\u00a0\u00bb2\/3&Prime;][qode_circles columns=\u00a0\u00bbthree_columns\u00a0\u00bb circle_line=\u00a0\u00bbwith_line\u00a0\u00bb][qode_circle type=\u00a0\u00bbimage_type\u00a0\u00bb link_target=\u00a0\u00bb_self\u00a0\u00bb title_tag=\u00a0\u00bbh3&Prime; image=\u00a0\u00bb16526&Prime; link=\u00a0\u00bbmaderas-frondosas\/\u00a0\u00bb text=\u00a0\u00bbUtilis\u00e9s g\u00e9n\u00e9ralement pour la fabrication de menuiseries ext\u00e9rieures, int\u00e9rieures et de meubles, ils sont tr\u00e8s appr\u00e9ci\u00e9s des professionnels du secteur pour leur noblesse et leur durabilit\u00e9.\u00a0\u00bb background_transparency=\u00a0\u00bb0.8&Prime; title=\u00a0\u00bbFEUILLUS\u00a0\u00bb title_color=\u00a0\u00bb#99cc00&Prime;][qode_circle type=\u00a0\u00bbimage_type\u00a0\u00bb link_target=\u00a0\u00bb_self\u00a0\u00bb title_tag=\u00a0\u00bbh3&Prime; border_color=\u00a0\u00bb#e0e0e0&Prime; image=\u00a0\u00bb16527&Prime; link=\u00a0\u00bbmaderas-coniferas\/\u00a0\u00bb title=\u00a0\u00bbCONIF\u00c8RES\u00a0\u00bb title_color=\u00a0\u00bb#895d10&Prime; text=\u00a0\u00bbAvec leur excellente r\u00e9sistance m\u00e9canique, ces essences, qui poussent dans les for\u00eats de climats plus froids, sont particuli\u00e8rement recommandables comme bois de construction.\u00a0\u00bb][qode_circle type=\u00a0\u00bbimage_type\u00a0\u00bb link_target=\u00a0\u00bb_self\u00a0\u00bb title_tag=\u00a0\u00bbh3&Prime; border_color=\u00a0\u00bb#e0e0e0&Prime; image=\u00a0\u00bb16528&Prime; link=\u00a0\u00bbmaderas-tropicales\/\u00a0\u00bb title=\u00a0\u00bbESSENCES TROPICALES\u00a0\u00bb title_color=\u00a0\u00bb#918000&Prime; text=\u00a0\u00bbUne grande vari\u00e9t\u00e9 d&rsquo;essences que nous retrouvons, en raison de leur excellente r\u00e9sistance \u00e0 l&rsquo;humidit\u00e9 et aux maladies, en bardage et en dallage, autour des piscines, sur les terrasses et dans les jardins.\u00a0\u00bb][\/qode_circles][\/vc_column_inner][vc_column_inner width=\u00a0\u00bb1\/6&Prime;][\/vc_column_inner][\/vc_row_inner][vc_row_inner row_type=\u00a0\u00bbrow\u00a0\u00bb use_as_box=\u00a0\u00bbuse_row_as_box\u00a0\u00bb type=\u00a0\u00bbfull_width\u00a0\u00bb text_align=\u00a0\u00bbleft\u00a0\u00bb padding_top=\u00a0\u00bb15px\u00a0\u00bb css_animation=\u00a0\u00bb\u00a0\u00bb][vc_column_inner width=\u00a0\u00bb1\/6&Prime;][\/vc_column_inner][vc_column_inner width=\u00a0\u00bb2\/3&Prime;][vc_empty_space][qode_circles columns=\u00a0\u00bbthree_columns\u00a0\u00bb circle_line=\u00a0\u00bbwith_line\u00a0\u00bb][qode_circle type=\u00a0\u00bbimage_type\u00a0\u00bb link_target=\u00a0\u00bb_self\u00a0\u00bb title_tag=\u00a0\u00bbh3&Prime; border_color=\u00a0\u00bb#e0e0e0&Prime; image=\u00a0\u00bb17049&Prime; link=\u00a0\u00bbplywood\/\u00a0\u00bb title=\u00a0\u00bbPlywood\u00a0\u00bb title_color=\u00a0\u00bb#c99a00&Prime; text=\u00a0\u00bbPanneaux contreplaqu\u00e9s en diff\u00e9rentes essences, finitions et dimensions. Gr\u00e2ce \u00e0 leur excellent rapport r\u00e9sistance \/ poids, ils conviennent dans une multitudes d\u2019utilisation.\u00a0\u00bb][qode_circle type=\u00a0\u00bbimage_type\u00a0\u00bb link_target=\u00a0\u00bb_self\u00a0\u00bb title_tag=\u00a0\u00bbh3&Prime; border_color=\u00a0\u00bb#e0e0e0&Prime; image=\u00a0\u00bb17274&Prime; link=\u00a0\u00bbmaderas-termotratada\/\u00a0\u00bb title=\u00a0\u00bbBOIS THERMO-TRAIT\u00c9\u00a0\u00bb title_color=\u00a0\u00bb#931f1f\u00a0\u00bb text=\u00a0\u00bbEssences en provenance de for\u00eats europ\u00e9ennes et soumises \u00e0 un traitement thermique afin d&rsquo;am\u00e9liorer leur stabilit\u00e9 et leur capacit\u00e9 d&rsquo;isolation thermique et augmenter leur r\u00e9sistance en usage ext\u00e9rieur.\u00a0\u00bb][qode_circle type=\u00a0\u00bbimage_type\u00a0\u00bb link_target=\u00a0\u00bb_self\u00a0\u00bb title_tag=\u00a0\u00bbh3&Prime; border_color=\u00a0\u00bb#e0e0e0&Prime; image=\u00a0\u00bb17050&Prime; link=\u00a0\u00bbperfil-laminado\/\u00a0\u00bb title=\u00a0\u00bbPROFIL\u00c9S LAMIN\u00c9S\u00a0\u00bb title_color=\u00a0\u00bb#1a8fb2&Prime; text=\u00a0\u00bbBois avec fingers, \u00e9pur\u00e9 de d\u00e9fauts et rabot\u00e9 sur quatre faces. Un produit semi-ouvr\u00e9 d&rsquo;une grande stabilit\u00e9 dimensionnelle, qui permet d&rsquo;\u00e9conomiser du bois et de r\u00e9duire les co\u00fbts.\u00a0\u00bb][\/qode_circles][\/vc_column_inner][vc_column_inner width=\u00a0\u00bb1\/6&Prime;][\/vc_column_inner][\/vc_row_inner][vc_row_inner row_type=\u00a0\u00bbrow\u00a0\u00bb use_as_box=\u00a0\u00bbuse_row_as_box\u00a0\u00bb type=\u00a0\u00bbfull_width\u00a0\u00bb text_align=\u00a0\u00bbleft\u00a0\u00bb padding_top=\u00a0\u00bb15px\u00a0\u00bb css_animation=\u00a0\u00bb\u00a0\u00bb][vc_column_inner width=\u00a0\u00bb1\/6&Prime;][\/vc_column_inner][vc_column_inner width=\u00a0\u00bb2\/3&Prime;][vc_empty_space][qode_circles columns=\u00a0\u00bbthree_columns\u00a0\u00bb circle_line=\u00a0\u00bbwith_line\u00a0\u00bb][qode_circle type=\u00a0\u00bbimage_type\u00a0\u00bb link_target=\u00a0\u00bb_self\u00a0\u00bb title_tag=\u00a0\u00bbh3&Prime; border_color=\u00a0\u00bb#e0e0e0&Prime; image=\u00a0\u00bb18319&Prime; link=\u00a0\u00bbhttps:\/\/www.maderaschapar.com\/fr\/produits\/blanks\/\u00a0\u00bb title=\u00a0\u00bbBlanks\u00a0\u00bb title_color=\u00a0\u00bb#c99a00&Prime; text=\u00a0\u00bbProduit semi-fini constitu\u00e9 d\u2019une couche de bois massif coll\u00e9e avec des aboutages finger, employant un adh\u00e9sif \u00e0 base d\u2019ac\u00e9tate de polyvinyle (PVA),\u00a0\u00bb][\/qode_circles][\/vc_column_inner][vc_column_inner width=\u00a0\u00bb1\/6&Prime;][\/vc_column_inner][\/vc_row_inner][vc_empty_space height=\u00a0\u00bb52px\u00a0\u00bb][\/vc_column][\/vc_row]<\/p>\n<\/div>","protected":false},"excerpt":{"rendered":"<p>[vc_row row_type=\u00a0\u00bbrow\u00a0\u00bb use_row_as_full_screen_section=\u00a0\u00bbno\u00a0\u00bb type=\u00a0\u00bbgrid\u00a0\u00bb angled_section=\u00a0\u00bbno\u00a0\u00bb text_align=\u00a0\u00bbcenter\u00a0\u00bb background_image_as_pattern=\u00a0\u00bbwithout_pattern\u00a0\u00bb padding_top=\u00a0\u00bb75&Prime; padding_bottom=\u00a0\u00bb40&Prime; css_animation=\u00a0\u00bb\u00a0\u00bb][vc_column width=\u00a0\u00bb1\/6&Prime;][\/vc_column][vc_column width=\u00a0\u00bb2\/3&Prime;][vc_separator type=\u00a0\u00bbtransparent\u00a0\u00bb up=\u00a0\u00bb26&Prime; down=\u00a0\u00bb0&Prime;][vc_custom_heading text=\u00a0\u00bbNOS PRODUITS\u00a0\u00bb font_container=\u00a0\u00bbtag:h1|font_size:30|text_align:center|color:%239bc13c\u00a0\u00bb use_theme_fonts=\u00a0\u00bbyes\u00a0\u00bb][vc_custom_heading text=\u00a0\u00bbEXPERTS EN BOIS\u00a0\u00bb font_container=\u00a0\u00bbtag:h1|font_size:20|text_align:center|color:%23000000&Prime; use_theme_fonts=\u00a0\u00bbyes\u00a0\u00bb][vc_column_text css=\u00a0\u00bb.vc_custom_1507889484118{margin-top: 20px !important;}\u00a0\u00bb]Sur un march\u00e9 toujours plus global, MADERAS CHAPAR vous offre un vaste choix de bois en provenance des cinq&#8230;<\/p>\n","protected":false},"author":1,"featured_media":0,"parent":0,"menu_order":0,"comment_status":"open","ping_status":"closed","template":"full_width.php","meta":{"footnotes":""},"class_list":["post-17412","page","type-page","status-publish","hentry"],"_links":{"self":[{"href":"https:\/\/www.maderaschapar.com\/fr\/wp-json\/wp\/v2\/pages\/17412","targetHints":{"allow":["GET"]}}],"collection":[{"href":"https:\/\/www.maderaschapar.com\/fr\/wp-json\/wp\/v2\/pages"}],"about":[{"href":"https:\/\/www.maderaschapar.com\/fr\/wp-json\/wp\/v2\/types\/page"}],"author":[{"embeddable":true,"href":"https:\/\/www.maderaschapar.com\/fr\/wp-json\/wp\/v2\/users\/1"}],"replies":[{"embeddable":true,"href":"https:\/\/www.maderaschapar.com\/fr\/wp-json\/wp\/v2\/comments?post=17412"}],"version-history":[{"count":5,"href":"https:\/\/www.maderaschapar.com\/fr\/wp-json\/wp\/v2\/pages\/17412\/revisions"}],"predecessor-version":[{"id":18394,"href":"https:\/\/www.maderaschapar.com\/fr\/wp-json\/wp\/v2\/pages\/17412\/revisions\/18394"}],"wp:attachment":[{"href":"https:\/\/www.maderaschapar.com\/fr\/wp-json\/wp\/v2\/media?parent=17412"}],"curies":[{"name":"wp","href":"https:\/\/api.w.org\/{rel}","templated":true}]}}