{"id":17420,"date":"2017-01-19T12:23:45","date_gmt":"2017-01-19T12:23:45","guid":{"rendered":"https:\/\/www.maderaschapar.com\/productos\/maderas-coniferas\/"},"modified":"2017-10-13T10:34:23","modified_gmt":"2017-10-13T10:34:23","slug":"coniferes","status":"publish","type":"page","link":"https:\/\/www.maderaschapar.com\/fr\/produits\/coniferes\/","title":{"rendered":"Conif\u00e8res"},"content":{"rendered":"<div class=\"wpb-content-wrapper\"><p>[vc_row row_type=\u00a0\u00bbrow\u00a0\u00bb use_row_as_full_screen_section=\u00a0\u00bbno\u00a0\u00bb type=\u00a0\u00bbfull_width\u00a0\u00bb header_style=\u00a0\u00bblight\u00a0\u00bb angled_section=\u00a0\u00bbno\u00a0\u00bb text_align=\u00a0\u00bbcenter\u00a0\u00bb background_image_as_pattern=\u00a0\u00bbwithout_pattern\u00a0\u00bb css_animation=\u00a0\u00bb\u00a0\u00bb][vc_column][vc_empty_space][\/vc_column][\/vc_row][vc_row row_type=\u00a0\u00bbrow\u00a0\u00bb use_row_as_full_screen_section=\u00a0\u00bbno\u00a0\u00bb type=\u00a0\u00bbgrid\u00a0\u00bb angled_section=\u00a0\u00bbno\u00a0\u00bb text_align=\u00a0\u00bbcenter\u00a0\u00bb background_image_as_pattern=\u00a0\u00bbwithout_pattern\u00a0\u00bb padding_top=\u00a0\u00bb75&Prime; padding_bottom=\u00a0\u00bb40&Prime; css_animation=\u00a0\u00bb\u00a0\u00bb][vc_column width=\u00a0\u00bb1\/3&Prime; css=\u00a0\u00bb.vc_custom_1484827846068{padding-right: 15px !important;}\u00a0\u00bb][vc_separator type=\u00a0\u00bbtransparent\u00a0\u00bb up=\u00a0\u00bb26&Prime; down=\u00a0\u00bb0&Prime;][vc_custom_heading text=\u00a0\u00bbCONIF\u00c8RES\u00a0\u00bb font_container=\u00a0\u00bbtag:h1|font_size:35|text_align:left|color:%23000000&Prime; use_theme_fonts=\u00a0\u00bbyes\u00a0\u00bb][vc_separator type=\u00a0\u00bbsmall\u00a0\u00bb position=\u00a0\u00bbleft\u00a0\u00bb color=\u00a0\u00bb#aaaaaa\u00a0\u00bb thickness=\u00a0\u00bb1&Prime; width=\u00a0\u00bb80&Prime; width_in_percentages=\u00a0\u00bbyes\u00a0\u00bb up=\u00a0\u00bb30&Prime; down=\u00a0\u00bb30&Prime;][vc_column_text]<\/p>\n<p style=\"text-align: left;\">Les conif\u00e8res, \u00e9galement appel\u00e9s r\u00e9sineux ou bois tendres, pr\u00e9sentent une structure poreuse simplifi\u00e9e, des anneaux annuels marqu\u00e9s et une couleur p\u00e2le r\u00e9guli\u00e8rement uniforme. En g\u00e9n\u00e9ral, ils sont impr\u00e9gnables et \u00e0 forte teneur en r\u00e9sines, huiles essentielles et tanins.<\/p>\n<p style=\"text-align: left;\">Ils poussent dans les zones froides et temp\u00e9r\u00e9es, et surtout sous les climats plus froids, comme les for\u00eats bor\u00e9ales d&rsquo;Am\u00e9rique du Nord et d&rsquo;Asie, o\u00f9 leurs essences dominent la v\u00e9g\u00e9tation. Ils repr\u00e9sentent la meilleure qualit\u00e9 en bois de construction en termes de caract\u00e9ristiques de travail et de r\u00e9sistance m\u00e9canique.<\/p>\n<p>[\/vc_column_text][vc_separator type=\u00a0\u00bbtransparent\u00a0\u00bb up=\u00a0\u00bb40&Prime; down=\u00a0\u00bb0&Prime;]<a  itemprop=\"url\" href=\"https:\/\/www.maderaschapar.com\/productos\/\" target=\"_self\"  class=\"qbutton  medium left enlarge\" style=\"font-weight: 400; margin: 1px; border-radius: 3px;-moz-border-radius: 3px;-webkit-border-radius: 3px; background-color: #895d10;\">Voir d'autres produits<i class=\"qodef-icon-linea-icon icon-arrows-expand qode_button_icon_element\" style=\"\" ><\/i><\/a>[\/vc_column][vc_column width=\u00a0\u00bb2\/3&Prime;][vc_separator type=\u00a0\u00bbtransparent\u00a0\u00bb up=\u00a0\u00bb25&Prime; down=\u00a0\u00bb0&Prime;][vc_basic_grid post_type=\u00a0\u00bbpost\u00a0\u00bb max_items=\u00a0\u00bball\u00a0\u00bb style=\u00a0\u00bbpagination\u00a0\u00bb items_per_page=\u00a0\u00bb20&Prime; gap=\u00a0\u00bb25&Prime; paging_design=\u00a0\u00bbnone\u00a0\u00bb item=\u00a0\u00bb16047&Prime; grid_id=\u00a0\u00bbvc_gid:1507888397557-be98b8a4-2b02-6&Prime; taxonomies=\u00a0\u00bb99&Prime; offset=\u00a0\u00bb0&Prime;][\/vc_column][\/vc_row][vc_row row_type=\u00a0\u00bbrow\u00a0\u00bb use_row_as_full_screen_section=\u00a0\u00bbno\u00a0\u00bb type=\u00a0\u00bbgrid\u00a0\u00bb angled_section=\u00a0\u00bbno\u00a0\u00bb text_align=\u00a0\u00bbleft\u00a0\u00bb background_image_as_pattern=\u00a0\u00bbwithout_pattern\u00a0\u00bb css_animation=\u00a0\u00bb\u00a0\u00bb css=\u00a0\u00bb.vc_custom_1484756111398{padding-right: 20px !important;padding-left: 20px !important;}\u00a0\u00bb][vc_column][\/vc_column][\/vc_row]<\/p>\n<\/div>","protected":false},"excerpt":{"rendered":"<p>[vc_row row_type=\u00a0\u00bbrow\u00a0\u00bb use_row_as_full_screen_section=\u00a0\u00bbno\u00a0\u00bb type=\u00a0\u00bbfull_width\u00a0\u00bb header_style=\u00a0\u00bblight\u00a0\u00bb angled_section=\u00a0\u00bbno\u00a0\u00bb text_align=\u00a0\u00bbcenter\u00a0\u00bb background_image_as_pattern=\u00a0\u00bbwithout_pattern\u00a0\u00bb css_animation=\u00a0\u00bb\u00a0\u00bb][vc_column][vc_empty_space][\/vc_column][\/vc_row][vc_row row_type=\u00a0\u00bbrow\u00a0\u00bb use_row_as_full_screen_section=\u00a0\u00bbno\u00a0\u00bb type=\u00a0\u00bbgrid\u00a0\u00bb angled_section=\u00a0\u00bbno\u00a0\u00bb text_align=\u00a0\u00bbcenter\u00a0\u00bb background_image_as_pattern=\u00a0\u00bbwithout_pattern\u00a0\u00bb padding_top=\u00a0\u00bb75&Prime; padding_bottom=\u00a0\u00bb40&Prime; css_animation=\u00a0\u00bb\u00a0\u00bb][vc_column width=\u00a0\u00bb1\/3&Prime; css=\u00a0\u00bb.vc_custom_1484827846068{padding-right: 15px !important;}\u00a0\u00bb][vc_separator type=\u00a0\u00bbtransparent\u00a0\u00bb up=\u00a0\u00bb26&Prime; down=\u00a0\u00bb0&Prime;][vc_custom_heading text=\u00a0\u00bbCONIF\u00c8RES\u00a0\u00bb font_container=\u00a0\u00bbtag:h1|font_size:35|text_align:left|color:%23000000&Prime; use_theme_fonts=\u00a0\u00bbyes\u00a0\u00bb][vc_separator type=\u00a0\u00bbsmall\u00a0\u00bb position=\u00a0\u00bbleft\u00a0\u00bb color=\u00a0\u00bb#aaaaaa\u00a0\u00bb thickness=\u00a0\u00bb1&Prime; width=\u00a0\u00bb80&Prime; width_in_percentages=\u00a0\u00bbyes\u00a0\u00bb up=\u00a0\u00bb30&Prime; down=\u00a0\u00bb30&Prime;][vc_column_text] Les conif\u00e8res, \u00e9galement appel\u00e9s r\u00e9sineux ou bois tendres, pr\u00e9sentent&#8230;<\/p>\n","protected":false},"author":1,"featured_media":0,"parent":17412,"menu_order":0,"comment_status":"open","ping_status":"closed","template":"full_width.php","meta":{"footnotes":""},"class_list":["post-17420","page","type-page","status-publish","hentry"],"_links":{"self":[{"href":"https:\/\/www.maderaschapar.com\/fr\/wp-json\/wp\/v2\/pages\/17420","targetHints":{"allow":["GET"]}}],"collection":[{"href":"https:\/\/www.maderaschapar.com\/fr\/wp-json\/wp\/v2\/pages"}],"about":[{"href":"https:\/\/www.maderaschapar.com\/fr\/wp-json\/wp\/v2\/types\/page"}],"author":[{"embeddable":true,"href":"https:\/\/www.maderaschapar.com\/fr\/wp-json\/wp\/v2\/users\/1"}],"replies":[{"embeddable":true,"href":"https:\/\/www.maderaschapar.com\/fr\/wp-json\/wp\/v2\/comments?post=17420"}],"version-history":[{"count":2,"href":"https:\/\/www.maderaschapar.com\/fr\/wp-json\/wp\/v2\/pages\/17420\/revisions"}],"predecessor-version":[{"id":17533,"href":"https:\/\/www.maderaschapar.com\/fr\/wp-json\/wp\/v2\/pages\/17420\/revisions\/17533"}],"up":[{"embeddable":true,"href":"https:\/\/www.maderaschapar.com\/fr\/wp-json\/wp\/v2\/pages\/17412"}],"wp:attachment":[{"href":"https:\/\/www.maderaschapar.com\/fr\/wp-json\/wp\/v2\/media?parent=17420"}],"curies":[{"name":"wp","href":"https:\/\/api.w.org\/{rel}","templated":true}]}}