{"id":17423,"date":"2017-01-19T12:30:55","date_gmt":"2017-01-19T12:30:55","guid":{"rendered":"https:\/\/www.maderaschapar.com\/productos\/maderas-tropicales\/"},"modified":"2017-10-13T10:36:05","modified_gmt":"2017-10-13T10:36:05","slug":"essences-tropicales","status":"publish","type":"page","link":"https:\/\/www.maderaschapar.com\/fr\/produits\/essences-tropicales\/","title":{"rendered":"Essences tropicales"},"content":{"rendered":"<div class=\"wpb-content-wrapper\"><p>[vc_row row_type=\u00a0\u00bbrow\u00a0\u00bb use_row_as_full_screen_section=\u00a0\u00bbno\u00a0\u00bb type=\u00a0\u00bbfull_width\u00a0\u00bb header_style=\u00a0\u00bblight\u00a0\u00bb angled_section=\u00a0\u00bbno\u00a0\u00bb text_align=\u00a0\u00bbcenter\u00a0\u00bb background_image_as_pattern=\u00a0\u00bbwithout_pattern\u00a0\u00bb css_animation=\u00a0\u00bb\u00a0\u00bb][vc_column][vc_empty_space][\/vc_column][\/vc_row][vc_row row_type=\u00a0\u00bbrow\u00a0\u00bb use_row_as_full_screen_section=\u00a0\u00bbno\u00a0\u00bb type=\u00a0\u00bbgrid\u00a0\u00bb angled_section=\u00a0\u00bbno\u00a0\u00bb text_align=\u00a0\u00bbcenter\u00a0\u00bb background_image_as_pattern=\u00a0\u00bbwithout_pattern\u00a0\u00bb padding_top=\u00a0\u00bb75&Prime; padding_bottom=\u00a0\u00bb40&Prime; css_animation=\u00a0\u00bb\u00a0\u00bb][vc_column width=\u00a0\u00bb1\/3&Prime; css=\u00a0\u00bb.vc_custom_1484827846068{padding-right: 15px !important;}\u00a0\u00bb][vc_separator type=\u00a0\u00bbtransparent\u00a0\u00bb up=\u00a0\u00bb26&Prime; down=\u00a0\u00bb0&Prime;][vc_custom_heading text=\u00a0\u00bbESSENCES TROPICALES\u00a0\u00bb font_container=\u00a0\u00bbtag:h1|font_size:35|text_align:left|color:%23000000&Prime; use_theme_fonts=\u00a0\u00bbyes\u00a0\u00bb][vc_separator type=\u00a0\u00bbsmall\u00a0\u00bb position=\u00a0\u00bbleft\u00a0\u00bb color=\u00a0\u00bb#aaaaaa\u00a0\u00bb thickness=\u00a0\u00bb1&Prime; width=\u00a0\u00bb80&Prime; width_in_percentages=\u00a0\u00bbyes\u00a0\u00bb up=\u00a0\u00bb30&Prime; down=\u00a0\u00bb30&Prime;][vc_column_text]<\/p>\n<p style=\"text-align: left;\">Dans ce groupe nous trouvons une grande vari\u00e9t\u00e9 d&rsquo;essences avec trois origines diff\u00e9rentes : Afrique (Iroko, \u00c9londo, Sapeli, Doussi\u00e9\u2026), Am\u00e9rique du Sud (Ip\u00ea, Palissandre, Balsa\u2026) et le sud de l&rsquo;Asie (Teck, principalement). Toutefois, les plus communs dans notre environnement sont l&rsquo;Iroko, le Sapelli, l&rsquo;\u00c9ondo, l&rsquo;Ip\u00ea et le Teck.<\/p>\n<p style=\"text-align: left;\">La structure interne de leurs tissus est semblable \u00e0 celle des feuillus. Peu poreux, ils offrent une excellente r\u00e9sistance \u00e0 l&rsquo;humidit\u00e9 et aux maladies. Leur palette de couleurs est plus fonc\u00e9e que celle des conif\u00e8res et des feuillus. Il s&rsquo;agit de bois tr\u00e8s sensibles aux rayons solaires, peu impr\u00e9gnables, tr\u00e8s r\u00e9sistants et riches en extraits, en exsudats et en tanins.<\/p>\n<p style=\"text-align: left;\">En raison de leur grande duret\u00e9 et durabilit\u00e9, ils sont surtout employ\u00e9s en ext\u00e9rieur. Il est fr\u00e9quent de les retrouver sur les fa\u00e7ades et en bardage de b\u00e2timents, autour des piscines, sur les terrasses et dans les jardins.<\/p>\n<p>[\/vc_column_text][vc_separator type=\u00a0\u00bbtransparent\u00a0\u00bb up=\u00a0\u00bb40&Prime; down=\u00a0\u00bb0&Prime;]<a  itemprop=\"url\" href=\"https:\/\/www.maderaschapar.com\/productos\/\" target=\"_self\"  class=\"qbutton  medium left default\" style=\"font-weight: 400; margin: 1px; border-radius: 3px;-moz-border-radius: 3px;-webkit-border-radius: 3px; background-color: #918000;\">Voir d'autres produits<i class=\"qodef-icon-linea-icon icon-arrows-expand qode_button_icon_element\" style=\"\" ><\/i><\/a>[\/vc_column][vc_column width=\u00a0\u00bb2\/3&Prime;][vc_separator type=\u00a0\u00bbtransparent\u00a0\u00bb up=\u00a0\u00bb25&Prime; down=\u00a0\u00bb0&Prime;][vc_basic_grid post_type=\u00a0\u00bbpost\u00a0\u00bb max_items=\u00a0\u00bball\u00a0\u00bb style=\u00a0\u00bbpagination\u00a0\u00bb items_per_page=\u00a0\u00bb20&Prime; element_width=\u00a0\u00bb6&Prime; gap=\u00a0\u00bb25&Prime; paging_design=\u00a0\u00bbnone\u00a0\u00bb item=\u00a0\u00bb16047&Prime; grid_id=\u00a0\u00bbvc_gid:1507888395003-364b10a6-e5d4-3&Prime; taxonomies=\u00a0\u00bb100&Prime; offset=\u00a0\u00bb0&Prime;][\/vc_column][\/vc_row][vc_row row_type=\u00a0\u00bbrow\u00a0\u00bb use_row_as_full_screen_section=\u00a0\u00bbno\u00a0\u00bb type=\u00a0\u00bbgrid\u00a0\u00bb angled_section=\u00a0\u00bbno\u00a0\u00bb text_align=\u00a0\u00bbleft\u00a0\u00bb background_image_as_pattern=\u00a0\u00bbwithout_pattern\u00a0\u00bb css_animation=\u00a0\u00bb\u00a0\u00bb css=\u00a0\u00bb.vc_custom_1484756111398{padding-right: 20px !important;padding-left: 20px !important;}\u00a0\u00bb][vc_column][\/vc_column][\/vc_row]<\/p>\n<\/div>","protected":false},"excerpt":{"rendered":"<p>[vc_row row_type=\u00a0\u00bbrow\u00a0\u00bb use_row_as_full_screen_section=\u00a0\u00bbno\u00a0\u00bb type=\u00a0\u00bbfull_width\u00a0\u00bb header_style=\u00a0\u00bblight\u00a0\u00bb angled_section=\u00a0\u00bbno\u00a0\u00bb text_align=\u00a0\u00bbcenter\u00a0\u00bb background_image_as_pattern=\u00a0\u00bbwithout_pattern\u00a0\u00bb css_animation=\u00a0\u00bb\u00a0\u00bb][vc_column][vc_empty_space][\/vc_column][\/vc_row][vc_row row_type=\u00a0\u00bbrow\u00a0\u00bb use_row_as_full_screen_section=\u00a0\u00bbno\u00a0\u00bb type=\u00a0\u00bbgrid\u00a0\u00bb angled_section=\u00a0\u00bbno\u00a0\u00bb text_align=\u00a0\u00bbcenter\u00a0\u00bb background_image_as_pattern=\u00a0\u00bbwithout_pattern\u00a0\u00bb padding_top=\u00a0\u00bb75&Prime; padding_bottom=\u00a0\u00bb40&Prime; css_animation=\u00a0\u00bb\u00a0\u00bb][vc_column width=\u00a0\u00bb1\/3&Prime; css=\u00a0\u00bb.vc_custom_1484827846068{padding-right: 15px !important;}\u00a0\u00bb][vc_separator type=\u00a0\u00bbtransparent\u00a0\u00bb up=\u00a0\u00bb26&Prime; down=\u00a0\u00bb0&Prime;][vc_custom_heading text=\u00a0\u00bbESSENCES TROPICALES\u00a0\u00bb font_container=\u00a0\u00bbtag:h1|font_size:35|text_align:left|color:%23000000&Prime; use_theme_fonts=\u00a0\u00bbyes\u00a0\u00bb][vc_separator type=\u00a0\u00bbsmall\u00a0\u00bb position=\u00a0\u00bbleft\u00a0\u00bb color=\u00a0\u00bb#aaaaaa\u00a0\u00bb thickness=\u00a0\u00bb1&Prime; width=\u00a0\u00bb80&Prime; width_in_percentages=\u00a0\u00bbyes\u00a0\u00bb up=\u00a0\u00bb30&Prime; down=\u00a0\u00bb30&Prime;][vc_column_text] Dans ce groupe nous trouvons une grande vari\u00e9t\u00e9&#8230;<\/p>\n","protected":false},"author":1,"featured_media":0,"parent":17412,"menu_order":0,"comment_status":"open","ping_status":"closed","template":"full_width.php","meta":{"footnotes":""},"class_list":["post-17423","page","type-page","status-publish","hentry"],"_links":{"self":[{"href":"https:\/\/www.maderaschapar.com\/fr\/wp-json\/wp\/v2\/pages\/17423","targetHints":{"allow":["GET"]}}],"collection":[{"href":"https:\/\/www.maderaschapar.com\/fr\/wp-json\/wp\/v2\/pages"}],"about":[{"href":"https:\/\/www.maderaschapar.com\/fr\/wp-json\/wp\/v2\/types\/page"}],"author":[{"embeddable":true,"href":"https:\/\/www.maderaschapar.com\/fr\/wp-json\/wp\/v2\/users\/1"}],"replies":[{"embeddable":true,"href":"https:\/\/www.maderaschapar.com\/fr\/wp-json\/wp\/v2\/comments?post=17423"}],"version-history":[{"count":2,"href":"https:\/\/www.maderaschapar.com\/fr\/wp-json\/wp\/v2\/pages\/17423\/revisions"}],"predecessor-version":[{"id":17539,"href":"https:\/\/www.maderaschapar.com\/fr\/wp-json\/wp\/v2\/pages\/17423\/revisions\/17539"}],"up":[{"embeddable":true,"href":"https:\/\/www.maderaschapar.com\/fr\/wp-json\/wp\/v2\/pages\/17412"}],"wp:attachment":[{"href":"https:\/\/www.maderaschapar.com\/fr\/wp-json\/wp\/v2\/media?parent=17423"}],"curies":[{"name":"wp","href":"https:\/\/api.w.org\/{rel}","templated":true}]}}