{"id":17426,"date":"2017-01-19T12:33:31","date_gmt":"2017-01-19T12:33:31","guid":{"rendered":"https:\/\/www.maderaschapar.com\/productos\/maderas-termotratadas\/"},"modified":"2017-10-13T10:42:26","modified_gmt":"2017-10-13T10:42:26","slug":"bois-thermo-traite","status":"publish","type":"page","link":"https:\/\/www.maderaschapar.com\/fr\/produits\/bois-thermo-traite\/","title":{"rendered":"Bois thermo-trait\u00e9"},"content":{"rendered":"<div class=\"wpb-content-wrapper\"><p>[vc_row row_type=\u00a0\u00bbrow\u00a0\u00bb use_row_as_full_screen_section=\u00a0\u00bbno\u00a0\u00bb type=\u00a0\u00bbfull_width\u00a0\u00bb header_style=\u00a0\u00bblight\u00a0\u00bb angled_section=\u00a0\u00bbno\u00a0\u00bb text_align=\u00a0\u00bbcenter\u00a0\u00bb background_image_as_pattern=\u00a0\u00bbwithout_pattern\u00a0\u00bb css_animation=\u00a0\u00bb\u00a0\u00bb][vc_column][vc_empty_space][\/vc_column][\/vc_row][vc_row row_type=\u00a0\u00bbrow\u00a0\u00bb use_row_as_full_screen_section=\u00a0\u00bbno\u00a0\u00bb type=\u00a0\u00bbgrid\u00a0\u00bb angled_section=\u00a0\u00bbno\u00a0\u00bb text_align=\u00a0\u00bbcenter\u00a0\u00bb background_image_as_pattern=\u00a0\u00bbwithout_pattern\u00a0\u00bb padding_top=\u00a0\u00bb75&Prime; padding_bottom=\u00a0\u00bb40&Prime; css_animation=\u00a0\u00bb\u00a0\u00bb][vc_column width=\u00a0\u00bb1\/3&Prime; css=\u00a0\u00bb.vc_custom_1484827846068{padding-right: 15px !important;}\u00a0\u00bb][vc_separator type=\u00a0\u00bbtransparent\u00a0\u00bb up=\u00a0\u00bb26&Prime; down=\u00a0\u00bb0&Prime;][vc_custom_heading text=\u00a0\u00bbBOIS THERMO-TRAIT\u00c9\u00a0\u00bb font_container=\u00a0\u00bbtag:h1|font_size:35|text_align:left|color:%23000000&Prime; use_theme_fonts=\u00a0\u00bbyes\u00a0\u00bb][vc_separator type=\u00a0\u00bbsmall\u00a0\u00bb position=\u00a0\u00bbleft\u00a0\u00bb color=\u00a0\u00bb#aaaaaa\u00a0\u00bb thickness=\u00a0\u00bb1&Prime; width=\u00a0\u00bb80&Prime; width_in_percentages=\u00a0\u00bbyes\u00a0\u00bb up=\u00a0\u00bb30&Prime; down=\u00a0\u00bb30&Prime;][vc_column_text]<\/p>\n<p style=\"text-align: left;\">Le traitement thermique du bois est un processus qui, en associant temp\u00e9rature (jusqu&rsquo;\u00e0 225\u00ba en fonction de l&rsquo;essence) et vapeur d&rsquo;eau, am\u00e9liore les caract\u00e9ristiques propres aux bois autochtones de sorte qu&rsquo;ils constituent une alternative aux bois exotiques et au bois trait\u00e9 en autoclave.<\/p>\n<p style=\"text-align: left;\">La stabilit\u00e9 dimensionnelle du bois trait\u00e9 par haute temp\u00e9rature s&rsquo;am\u00e9liore de 30 \u00e0 50% selon l&rsquo;essence et le proc\u00e9d\u00e9. Le traitement thermique st\u00e9rilise le bois et lui accorde une r\u00e9sistance sup\u00e9rieure \u00e0 la d\u00e9gradation correspondant au minimum \u00e0 la classe d&#8217;emploi 3.<\/p>\n<p style=\"text-align: left;\">Sur le plan \u00e9cologique, seules de la chaleur et de la vapeur entrent dans ce proc\u00e9d\u00e9. Aucun produit chimique ou additif n&rsquo;y est ajout\u00e9.<\/p>\n<p>[\/vc_column_text][vc_separator type=\u00a0\u00bbtransparent\u00a0\u00bb up=\u00a0\u00bb40&Prime; down=\u00a0\u00bb0&Prime;]<a  itemprop=\"url\" href=\"https:\/\/www.maderaschapar.com\/productos\/\" target=\"_self\"  class=\"qbutton  medium left default\" style=\"font-weight: 400; margin: 1px; border-radius: 3px;-moz-border-radius: 3px;-webkit-border-radius: 3px; background-color: #931f1f;\">Voir d'autres produits<i class=\"qodef-icon-linea-icon icon-arrows-expand qode_button_icon_element\" style=\"\" ><\/i><\/a>[\/vc_column][vc_column width=\u00a0\u00bb2\/3&Prime;][vc_separator type=\u00a0\u00bbtransparent\u00a0\u00bb up=\u00a0\u00bb25&Prime; down=\u00a0\u00bb0&Prime;][vc_basic_grid post_type=\u00a0\u00bbpost\u00a0\u00bb max_items=\u00a0\u00bball\u00a0\u00bb style=\u00a0\u00bbpagination\u00a0\u00bb items_per_page=\u00a0\u00bb20&Prime; element_width=\u00a0\u00bb6&Prime; gap=\u00a0\u00bb25&Prime; paging_design=\u00a0\u00bbnone\u00a0\u00bb item=\u00a0\u00bb16047&Prime; grid_id=\u00a0\u00bbvc_gid:1507891234646-15f62289-5c13-9&Prime; taxonomies=\u00a0\u00bb102&Prime; offset=\u00a0\u00bb0&Prime;][\/vc_column][\/vc_row][vc_row row_type=\u00a0\u00bbrow\u00a0\u00bb use_row_as_full_screen_section=\u00a0\u00bbno\u00a0\u00bb type=\u00a0\u00bbgrid\u00a0\u00bb angled_section=\u00a0\u00bbno\u00a0\u00bb text_align=\u00a0\u00bbleft\u00a0\u00bb background_image_as_pattern=\u00a0\u00bbwithout_pattern\u00a0\u00bb css_animation=\u00a0\u00bb\u00a0\u00bb css=\u00a0\u00bb.vc_custom_1484756111398{padding-right: 20px !important;padding-left: 20px !important;}\u00a0\u00bb][vc_column][\/vc_column][\/vc_row]<\/p>\n<\/div>","protected":false},"excerpt":{"rendered":"<p>[vc_row row_type=\u00a0\u00bbrow\u00a0\u00bb use_row_as_full_screen_section=\u00a0\u00bbno\u00a0\u00bb type=\u00a0\u00bbfull_width\u00a0\u00bb header_style=\u00a0\u00bblight\u00a0\u00bb angled_section=\u00a0\u00bbno\u00a0\u00bb text_align=\u00a0\u00bbcenter\u00a0\u00bb background_image_as_pattern=\u00a0\u00bbwithout_pattern\u00a0\u00bb css_animation=\u00a0\u00bb\u00a0\u00bb][vc_column][vc_empty_space][\/vc_column][\/vc_row][vc_row row_type=\u00a0\u00bbrow\u00a0\u00bb use_row_as_full_screen_section=\u00a0\u00bbno\u00a0\u00bb type=\u00a0\u00bbgrid\u00a0\u00bb angled_section=\u00a0\u00bbno\u00a0\u00bb text_align=\u00a0\u00bbcenter\u00a0\u00bb background_image_as_pattern=\u00a0\u00bbwithout_pattern\u00a0\u00bb padding_top=\u00a0\u00bb75&Prime; padding_bottom=\u00a0\u00bb40&Prime; css_animation=\u00a0\u00bb\u00a0\u00bb][vc_column width=\u00a0\u00bb1\/3&Prime; css=\u00a0\u00bb.vc_custom_1484827846068{padding-right: 15px !important;}\u00a0\u00bb][vc_separator type=\u00a0\u00bbtransparent\u00a0\u00bb up=\u00a0\u00bb26&Prime; down=\u00a0\u00bb0&Prime;][vc_custom_heading text=\u00a0\u00bbBOIS THERMO-TRAIT\u00c9\u00a0\u00bb font_container=\u00a0\u00bbtag:h1|font_size:35|text_align:left|color:%23000000&Prime; use_theme_fonts=\u00a0\u00bbyes\u00a0\u00bb][vc_separator type=\u00a0\u00bbsmall\u00a0\u00bb position=\u00a0\u00bbleft\u00a0\u00bb color=\u00a0\u00bb#aaaaaa\u00a0\u00bb thickness=\u00a0\u00bb1&Prime; width=\u00a0\u00bb80&Prime; width_in_percentages=\u00a0\u00bbyes\u00a0\u00bb up=\u00a0\u00bb30&Prime; down=\u00a0\u00bb30&Prime;][vc_column_text] Le traitement thermique du bois est un processus&#8230;<\/p>\n","protected":false},"author":1,"featured_media":0,"parent":17412,"menu_order":0,"comment_status":"open","ping_status":"closed","template":"full_width.php","meta":{"footnotes":""},"class_list":["post-17426","page","type-page","status-publish","hentry"],"_links":{"self":[{"href":"https:\/\/www.maderaschapar.com\/fr\/wp-json\/wp\/v2\/pages\/17426","targetHints":{"allow":["GET"]}}],"collection":[{"href":"https:\/\/www.maderaschapar.com\/fr\/wp-json\/wp\/v2\/pages"}],"about":[{"href":"https:\/\/www.maderaschapar.com\/fr\/wp-json\/wp\/v2\/types\/page"}],"author":[{"embeddable":true,"href":"https:\/\/www.maderaschapar.com\/fr\/wp-json\/wp\/v2\/users\/1"}],"replies":[{"embeddable":true,"href":"https:\/\/www.maderaschapar.com\/fr\/wp-json\/wp\/v2\/comments?post=17426"}],"version-history":[{"count":2,"href":"https:\/\/www.maderaschapar.com\/fr\/wp-json\/wp\/v2\/pages\/17426\/revisions"}],"predecessor-version":[{"id":17542,"href":"https:\/\/www.maderaschapar.com\/fr\/wp-json\/wp\/v2\/pages\/17426\/revisions\/17542"}],"up":[{"embeddable":true,"href":"https:\/\/www.maderaschapar.com\/fr\/wp-json\/wp\/v2\/pages\/17412"}],"wp:attachment":[{"href":"https:\/\/www.maderaschapar.com\/fr\/wp-json\/wp\/v2\/media?parent=17426"}],"curies":[{"name":"wp","href":"https:\/\/api.w.org\/{rel}","templated":true}]}}