{"id":17641,"date":"2015-05-06T13:50:27","date_gmt":"2015-05-06T13:50:27","guid":{"rendered":"https:\/\/www.maderaschapar.com\/que-hacemos\/"},"modified":"2017-10-13T11:20:55","modified_gmt":"2017-10-13T11:20:55","slug":"que-faisons-nous","status":"publish","type":"page","link":"https:\/\/www.maderaschapar.com\/fr\/que-faisons-nous\/","title":{"rendered":"Que faisons-nous"},"content":{"rendered":"<div class=\"wpb-content-wrapper\"><p>[vc_row row_type=\u00a0\u00bbrow\u00a0\u00bb use_row_as_full_screen_section=\u00a0\u00bbno\u00a0\u00bb type=\u00a0\u00bbgrid\u00a0\u00bb angled_section=\u00a0\u00bbno\u00a0\u00bb text_align=\u00a0\u00bbcenter\u00a0\u00bb background_image_as_pattern=\u00a0\u00bbwithout_pattern\u00a0\u00bb padding_bottom=\u00a0\u00bb40&Prime; css_animation=\u00a0\u00bb\u00a0\u00bb][vc_column width=\u00a0\u00bb1\/6&Prime;][\/vc_column][vc_column width=\u00a0\u00bb2\/3&Prime;][vc_separator type=\u00a0\u00bbtransparent\u00a0\u00bb up=\u00a0\u00bb100&Prime; down=\u00a0\u00bb0&Prime;][vc_custom_heading text=\u00a0\u00bbNOS SERVICES\u00a0\u00bb font_container=\u00a0\u00bbtag:h1|font_size:30|text_align:center|color:%239bc13c\u00a0\u00bb use_theme_fonts=\u00a0\u00bbyes\u00a0\u00bb][vc_custom_heading text=\u00a0\u00bbQUALIT\u00c9 ET S\u00c9CURIT\u00c9 PENDANT TOUT LE PROCESSUS\u00a0\u00bb font_container=\u00a0\u00bbtag:h1|font_size:20|text_align:center|color:%23000000&Prime; use_theme_fonts=\u00a0\u00bbyes\u00a0\u00bb][vc_column_text css=\u00a0\u00bb.vc_custom_1507893085967{margin-top: 20px !important;}\u00a0\u00bb]Chez Maderas Chapar, nous ma\u00eetrisons l&rsquo;ensemble du processus de production, de la s\u00e9lection du bois dans le pays d&rsquo;origine jusqu&rsquo;\u00e0 son stockage, son s\u00e9chage et sa commercialisation. Nos installations modernes et la comp\u00e9tence de nos \u00e9quipes chevronn\u00e9es nous permettent de maintenir un contr\u00f4le total sur chacune des \u00e9tapes afin de pouvoir offrir \u00e0 nos clients des produits de qualit\u00e9 sup\u00e9rieure de fa\u00e7on rigoureuse et respectueuse de notre environnement.[\/vc_column_text][vc_separator type=\u00a0\u00bbtransparent\u00a0\u00bb up=\u00a0\u00bb20&Prime; down=\u00a0\u00bb0&Prime;][\/vc_column][vc_column width=\u00a0\u00bb1\/6&Prime;][\/vc_column][\/vc_row][vc_row row_type=\u00a0\u00bbrow\u00a0\u00bb use_row_as_full_screen_section=\u00a0\u00bbno\u00a0\u00bb type=\u00a0\u00bbgrid\u00a0\u00bb angled_section=\u00a0\u00bbno\u00a0\u00bb text_align=\u00a0\u00bbcenter\u00a0\u00bb background_image_as_pattern=\u00a0\u00bbwithout_pattern\u00a0\u00bb padding_bottom=\u00a0\u00bb40&Prime; css_animation=\u00a0\u00bb\u00a0\u00bb css=\u00a0\u00bb.vc_custom_1486122753320{padding-right: 15% !important;padding-left: 15% !important;}\u00a0\u00bb][vc_column][vc_row_inner row_type=\u00a0\u00bbrow\u00a0\u00bb type=\u00a0\u00bbfull_width\u00a0\u00bb text_align=\u00a0\u00bbleft\u00a0\u00bb css_animation=\u00a0\u00bb\u00a0\u00bb][vc_column_inner width=\u00a0\u00bb1\/4&Prime;]<div class='q_icon_with_title very_large custom_icon_image center'><div class=\"icon_holder \" style=\" \"><img decoding=\"async\" itemprop=\"image\" style=\"\" src=\"https:\/\/www.maderaschapar.com\/wp-content\/uploads\/2017\/04\/servicio_corte1.png\" alt=\"\"><\/div><div class=\"icon_text_holder\" style=\"\"><div class=\"icon_text_inner\" style=\"\"><h3 class=\"icon_title\" style=\"color: #87b305;font-weight: 800;\">Coupe<\/h3>[vc_separator type=\"small\" position=\"left\" color=\"\" thickness=\"2\" width=\"20\" up=\"10\" down=\"10\"]<p style=''>Flexibilit\u00e9 et capacit\u00e9 de production gr\u00e2ce \u00e0 nos installations de sciage.<\/p><\/div><\/div><\/div>[\/vc_column_inner][vc_column_inner width=\u00a0\u00bb1\/4&Prime;]<div class='q_icon_with_title very_large custom_icon_image center'><div class=\"icon_holder \" style=\" \"><img decoding=\"async\" itemprop=\"image\" style=\"\" src=\"https:\/\/www.maderaschapar.com\/wp-content\/uploads\/2017\/04\/servicio_secado1.png\" alt=\"\"><\/div><div class=\"icon_text_holder\" style=\"\"><div class=\"icon_text_inner\" style=\"\"><h3 class=\"icon_title\" style=\"color: #87b305;font-weight: 800;\">S\u00c9CHAGE<\/h3>[vc_separator type=\"small\" position=\"left\" color=\"\" thickness=\"2\" width=\"20\" up=\"10\" down=\"10\"]<p style=''>S\u00e9choirs de derni\u00e8re g\u00e9n\u00e9ration pour un service agile et de qualit\u00e9.<\/p><\/div><\/div><\/div>[\/vc_column_inner][vc_column_inner width=\u00a0\u00bb1\/4&Prime;]<div class='q_icon_with_title very_large custom_icon_image center'><div class=\"icon_holder \" style=\" \"><img decoding=\"async\" itemprop=\"image\" style=\"\" src=\"https:\/\/www.maderaschapar.com\/wp-content\/uploads\/2017\/04\/servicio_almacenado1.png\" alt=\"\"><\/div><div class=\"icon_text_holder\" style=\"\"><div class=\"icon_text_inner\" style=\"\"><h3 class=\"icon_title\" style=\"color: #87b305;font-weight: 800;\">STOCKAGE<\/h3>[vc_separator type=\"small\" position=\"left\" color=\"\" thickness=\"2\" width=\"20\" up=\"10\" down=\"10\"]<p style=''>Plus de 10.000 m3 de stock de diff\u00e9rentes essences et dimensions.<\/p><\/div><\/div><\/div>[\/vc_column_inner][vc_column_inner width=\u00a0\u00bb1\/4&Prime;]<div class='q_icon_with_title very_large custom_icon_image center'><div class=\"icon_holder \" style=\" \"><img decoding=\"async\" itemprop=\"image\" style=\"\" src=\"https:\/\/www.maderaschapar.com\/wp-content\/uploads\/2017\/04\/servicio_distribucion1.png\" alt=\"\"><\/div><div class=\"icon_text_holder\" style=\"\"><div class=\"icon_text_inner\" style=\"\"><h3 class=\"icon_title\" style=\"color: #87b305;font-weight: 800;\">DISTRIBUTION<\/h3>[vc_separator type=\"small\" position=\"left\" color=\"\" thickness=\"2\" width=\"20\" up=\"10\" down=\"10\"]<p style=''>Un catalogue riche et innovant de produits semi-ouvr\u00e9s.<\/p><\/div><\/div><\/div>[\/vc_column_inner][\/vc_row_inner][\/vc_column][\/vc_row][vc_row row_type=\u00a0\u00bbrow\u00a0\u00bb use_row_as_full_screen_section=\u00a0\u00bbno\u00a0\u00bb type=\u00a0\u00bbgrid\u00a0\u00bb in_content_menu=\u00a0\u00bbin_content_menu\u00a0\u00bb content_menu_icon=\u00a0\u00bb\u00a0\u00bb angled_section=\u00a0\u00bbyes\u00a0\u00bb angled_section_position=\u00a0\u00bbbottom\u00a0\u00bb angled_section_direction=\u00a0\u00bbfrom_left_to_right\u00a0\u00bb text_align=\u00a0\u00bbleft\u00a0\u00bb background_image_as_pattern=\u00a0\u00bbwithout_pattern\u00a0\u00bb padding_top=\u00a0\u00bb25px\u00a0\u00bb padding_bottom=\u00a0\u00bb25px\u00a0\u00bb css_animation=\u00a0\u00bb\u00a0\u00bb css=\u00a0\u00bb.vc_custom_1486072009328{margin-top: 30px !important;padding-top: 0px !important;padding-bottom: 0px !important;background-color: #f2f2f2 !important;}\u00a0\u00bb][vc_column width=\u00a0\u00bb1\/2&Prime;][vc_row_inner row_type=\u00a0\u00bbrow\u00a0\u00bb type=\u00a0\u00bbfull_width\u00a0\u00bb text_align=\u00a0\u00bbleft\u00a0\u00bb side_padding=\u00a0\u00bb-15&Prime; css_animation=\u00a0\u00bb\u00a0\u00bb][vc_column_inner][vc_column_text css=\u00a0\u00bb.vc_custom_1507893201717{padding-top: 5% !important;padding-right: 5% !important;padding-left: 5% !important;}\u00a0\u00bb]<\/p>\n<h2><span style=\"color: #67b002;\">APPROVISIONNEMENT EN MATI\u00c8RE PREMI\u00c8RE<\/span><\/h2>\n<p>[\/vc_column_text][\/vc_column_inner][\/vc_row_inner][vc_column_text css=\u00a0\u00bb.vc_custom_1507893434576{padding-top: 5% !important;padding-right: 5% !important;padding-bottom: 5% !important;padding-left: 5% !important;}\u00a0\u00bb]Nous s\u00e9lectionnons notre mati\u00e8re premi\u00e8re minutieusement et directement dans les pays de provenance, selon des crit\u00e8res pr\u00e9cis et rigoureux tant sur la texture, l\u2019accroissement, la qualit\u00e9 , la couleur des diff\u00e9rentes essences que sur le s\u00e9rieux de nos fournisseurs.[\/vc_column_text][\/vc_column][vc_column width=\u00a0\u00bb1\/2&Prime;][qode_content_slider enable_drag=\u00a0\u00bbno\u00a0\u00bb direction_nav=\u00a0\u00bbyes\u00a0\u00bb control_nav=\u00a0\u00bbno\u00a0\u00bb control_nav_justify=\u00a0\u00bbno\u00a0\u00bb pause_on_hover=\u00a0\u00bbno\u00a0\u00bb][qode_content_slider_item][vc_single_image image=\u00a0\u00bb17228&Prime; img_size=\u00a0\u00bbfull\u00a0\u00bb qode_css_animation=\u00a0\u00bb\u00a0\u00bb][\/qode_content_slider_item][qode_content_slider_item][vc_single_image image=\u00a0\u00bb17229&Prime; img_size=\u00a0\u00bbfull\u00a0\u00bb qode_css_animation=\u00a0\u00bb\u00a0\u00bb][\/qode_content_slider_item][\/qode_content_slider][\/vc_column][\/vc_row][vc_row row_type=\u00a0\u00bbrow\u00a0\u00bb use_row_as_full_screen_section=\u00a0\u00bbno\u00a0\u00bb type=\u00a0\u00bbgrid\u00a0\u00bb in_content_menu=\u00a0\u00bbin_content_menu\u00a0\u00bb content_menu_icon=\u00a0\u00bb\u00a0\u00bb angled_section=\u00a0\u00bbno\u00a0\u00bb text_align=\u00a0\u00bbleft\u00a0\u00bb background_image_as_pattern=\u00a0\u00bbwithout_pattern\u00a0\u00bb background_color=\u00a0\u00bb#ffffff\u00a0\u00bb padding_top=\u00a0\u00bb25px\u00a0\u00bb padding_bottom=\u00a0\u00bb25px\u00a0\u00bb css_animation=\u00a0\u00bb\u00a0\u00bb][vc_column width=\u00a0\u00bb1\/2&Prime;][qode_content_slider enable_drag=\u00a0\u00bbno\u00a0\u00bb direction_nav=\u00a0\u00bbyes\u00a0\u00bb control_nav=\u00a0\u00bbno\u00a0\u00bb control_nav_justify=\u00a0\u00bbno\u00a0\u00bb pause_on_hover=\u00a0\u00bbno\u00a0\u00bb][qode_content_slider_item][vc_single_image image=\u00a0\u00bb17231&Prime; img_size=\u00a0\u00bbfull\u00a0\u00bb qode_css_animation=\u00a0\u00bb\u00a0\u00bb][\/qode_content_slider_item][qode_content_slider_item][vc_single_image image=\u00a0\u00bb16659&Prime; img_size=\u00a0\u00bbfull\u00a0\u00bb qode_css_animation=\u00a0\u00bb\u00a0\u00bb][\/qode_content_slider_item][\/qode_content_slider][\/vc_column][vc_column width=\u00a0\u00bb1\/2&Prime;][vc_column_text css=\u00a0\u00bb.vc_custom_1507893263647{padding-top: 5% !important;padding-right: 5% !important;padding-left: 5% !important;}\u00a0\u00bb]<\/p>\n<h2><span style=\"color: #67b002;\">SCIERIE<\/span><\/h2>\n<p>[\/vc_column_text][vc_column_text css=\u00a0\u00bb.vc_custom_1507893299721{padding-top: 5% !important;padding-right: 5% !important;padding-bottom: 5% !important;padding-left: 5% !important;}\u00a0\u00bb]Nos installations de sciage nous garantissent une grande souplesse et une forte capacit\u00e9 de production. En outre, nous pouvons ainsi garantir pr\u00e9cision et contr\u00f4le total sur les diff\u00e9rents process des op\u00e9rations de sciage.<\/p>\n<p>&nbsp;<\/p>\n<p>Nous veillons \u00e0 alimenter la scierie en mati\u00e8res premi\u00e8res fra\u00eeches, toujours saines et r\u00e9colt\u00e9es en respectant les phases de la lune. Adapt\u00e9 aux exigences du bois, notre outil industriel sait en optimiser le rendement et anticiper la demande de nos clients.<br \/>\n[\/vc_column_text][\/vc_column][\/vc_row][vc_row row_type=\u00a0\u00bbrow\u00a0\u00bb use_row_as_full_screen_section=\u00a0\u00bbno\u00a0\u00bb type=\u00a0\u00bbgrid\u00a0\u00bb in_content_menu=\u00a0\u00bbin_content_menu\u00a0\u00bb content_menu_icon=\u00a0\u00bb\u00a0\u00bb angled_section=\u00a0\u00bbno\u00a0\u00bb text_align=\u00a0\u00bbleft\u00a0\u00bb background_image_as_pattern=\u00a0\u00bbwithout_pattern\u00a0\u00bb background_color=\u00a0\u00bb#ffffff\u00a0\u00bb padding_top=\u00a0\u00bb25px\u00a0\u00bb padding_bottom=\u00a0\u00bb25px\u00a0\u00bb css_animation=\u00a0\u00bb\u00a0\u00bb css=\u00a0\u00bb.vc_custom_1486072020514{background-color: #f2f2f2 !important;}\u00a0\u00bb][vc_column width=\u00a0\u00bb1\/2&Prime;][vc_column_text css=\u00a0\u00bb.vc_custom_1507893467508{padding-top: 5% !important;padding-right: 5% !important;padding-left: 5% !important;}\u00a0\u00bb]<\/p>\n<h2><span style=\"color: #67b002;\">CLASSIFICATION<\/span><\/h2>\n<p>[\/vc_column_text][vc_column_text css=\u00a0\u00bb.vc_custom_1507893483087{padding-top: 5% !important;padding-right: 5% !important;padding-bottom: 5% !important;padding-left: 5% !important;}\u00a0\u00bb]Nous effectuons deux classifications rigoureuses, une \u00e0 l&rsquo;entr\u00e9e de nos entrep\u00f4ts et l&rsquo;autre \u00e0 la sortie. Hautement qualifi\u00e9, notre personnel b\u00e9n\u00e9ficie aussi d&rsquo;une exp\u00e9rience \u00e9prouv\u00e9e. C&rsquo;est lui qui se charge de superviser la mati\u00e8re premi\u00e8re selon les diff\u00e9rentes normes internationales et les particularit\u00e9s que pr\u00e9sente chaque essence. Ainsi, nous parvenons \u00e0 homog\u00e9n\u00e9iser la qualit\u00e9 de nos produits et nous nous assurons qu&rsquo;ils sont adapt\u00e9s aux besoins de nos clients.[\/vc_column_text][\/vc_column][vc_column width=\u00a0\u00bb1\/2&Prime;][qode_content_slider enable_drag=\u00a0\u00bbno\u00a0\u00bb direction_nav=\u00a0\u00bbyes\u00a0\u00bb control_nav=\u00a0\u00bbno\u00a0\u00bb control_nav_justify=\u00a0\u00bbno\u00a0\u00bb pause_on_hover=\u00a0\u00bbno\u00a0\u00bb][qode_content_slider_item][vc_single_image image=\u00a0\u00bb17030&Prime; img_size=\u00a0\u00bbfull\u00a0\u00bb qode_css_animation=\u00a0\u00bb\u00a0\u00bb][\/qode_content_slider_item][qode_content_slider_item][vc_single_image image=\u00a0\u00bb17031&Prime; img_size=\u00a0\u00bbfull\u00a0\u00bb qode_css_animation=\u00a0\u00bb\u00a0\u00bb][\/qode_content_slider_item][\/qode_content_slider][\/vc_column][\/vc_row][vc_row row_type=\u00a0\u00bbrow\u00a0\u00bb use_row_as_full_screen_section=\u00a0\u00bbno\u00a0\u00bb type=\u00a0\u00bbgrid\u00a0\u00bb in_content_menu=\u00a0\u00bbin_content_menu\u00a0\u00bb content_menu_icon=\u00a0\u00bb\u00a0\u00bb angled_section=\u00a0\u00bbno\u00a0\u00bb text_align=\u00a0\u00bbleft\u00a0\u00bb background_image_as_pattern=\u00a0\u00bbwithout_pattern\u00a0\u00bb background_color=\u00a0\u00bb#ffffff\u00a0\u00bb padding_top=\u00a0\u00bb25px\u00a0\u00bb padding_bottom=\u00a0\u00bb25px\u00a0\u00bb css_animation=\u00a0\u00bb\u00a0\u00bb][vc_column width=\u00a0\u00bb1\/2&Prime;][qode_content_slider enable_drag=\u00a0\u00bbno\u00a0\u00bb direction_nav=\u00a0\u00bbyes\u00a0\u00bb control_nav=\u00a0\u00bbno\u00a0\u00bb control_nav_justify=\u00a0\u00bbno\u00a0\u00bb pause_on_hover=\u00a0\u00bbno\u00a0\u00bb][qode_content_slider_item][vc_single_image image=\u00a0\u00bb17035&Prime; img_size=\u00a0\u00bbfull\u00a0\u00bb qode_css_animation=\u00a0\u00bb\u00a0\u00bb][\/qode_content_slider_item][qode_content_slider_item][vc_single_image image=\u00a0\u00bb16657&Prime; img_size=\u00a0\u00bbfull\u00a0\u00bb qode_css_animation=\u00a0\u00bb\u00a0\u00bb][\/qode_content_slider_item][\/qode_content_slider][\/vc_column][vc_column width=\u00a0\u00bb1\/2&Prime;][vc_column_text css=\u00a0\u00bb.vc_custom_1507893499205{padding-top: 5% !important;padding-right: 5% !important;padding-left: 5% !important;}\u00a0\u00bb]<\/p>\n<h2><span style=\"color: #67b002;\">S\u00c9CHOIRS<\/span><\/h2>\n<p>[\/vc_column_text][vc_column_text css=\u00a0\u00bb.vc_custom_1507893542434{padding-top: 5% !important;padding-right: 5% !important;padding-bottom: 5% !important;padding-left: 5% !important;}\u00a0\u00bb]Dans l&rsquo;industrie du bois, la qualit\u00e9 du s\u00e9chage exige les soins les plus attentifs. L&rsquo;investissement r\u00e9alis\u00e9 dans des s\u00e9choirs de derni\u00e8re g\u00e9n\u00e9ration nous a permis de porter notre capacit\u00e9 effective de s\u00e9chage \u00e0 4.000 m\u00b3 annuels.<\/p>\n<p>&nbsp;<\/p>\n<p>Gr\u00e2ce \u00e0 cette innovation, nous avons am\u00e9lior\u00e9, non seulement la qualit\u00e9 de nos produits, mais aussi la rapidit\u00e9 de notre service aux clients.[\/vc_column_text][\/vc_column][\/vc_row][vc_row row_type=\u00a0\u00bbrow\u00a0\u00bb use_row_as_full_screen_section=\u00a0\u00bbno\u00a0\u00bb type=\u00a0\u00bbgrid\u00a0\u00bb in_content_menu=\u00a0\u00bbin_content_menu\u00a0\u00bb content_menu_icon=\u00a0\u00bb\u00a0\u00bb angled_section=\u00a0\u00bbno\u00a0\u00bb text_align=\u00a0\u00bbleft\u00a0\u00bb background_image_as_pattern=\u00a0\u00bbwithout_pattern\u00a0\u00bb background_color=\u00a0\u00bb#ffffff\u00a0\u00bb padding_top=\u00a0\u00bb25px\u00a0\u00bb padding_bottom=\u00a0\u00bb25px\u00a0\u00bb css_animation=\u00a0\u00bb\u00a0\u00bb css=\u00a0\u00bb.vc_custom_1486072030579{background-color: #f2f2f2 !important;}\u00a0\u00bb][vc_column width=\u00a0\u00bb1\/2&Prime;][vc_column_text css=\u00a0\u00bb.vc_custom_1507893558384{padding-top: 5% !important;padding-right: 5% !important;padding-left: 5% !important;}\u00a0\u00bb]<\/p>\n<h2><span style=\"color: #67b002;\">D\u00c9BITAGE<\/span><\/h2>\n<p>[\/vc_column_text][vc_column_text css=\u00a0\u00bb.vc_custom_1507893575898{padding-top: 5% !important;padding-right: 5% !important;padding-bottom: 5% !important;padding-left: 5% !important;}\u00a0\u00bb]Les planchettes et les pi\u00e8ces \u00e9quarries sont une partie importante de notre production. Nous disposons d&rsquo;une large gamme de sections standards, en stock, pr\u00eates \u00e0 livrer. De plus, nous pouvons nous adapter \u00e0 leurs besoins en longueur et en largeur fixes en proposant des aviv\u00e9s secs.[\/vc_column_text][\/vc_column][vc_column width=\u00a0\u00bb1\/2&Prime;][qode_content_slider enable_drag=\u00a0\u00bbno\u00a0\u00bb direction_nav=\u00a0\u00bbyes\u00a0\u00bb control_nav=\u00a0\u00bbno\u00a0\u00bb control_nav_justify=\u00a0\u00bbno\u00a0\u00bb pause_on_hover=\u00a0\u00bbno\u00a0\u00bb][qode_content_slider_item][vc_single_image image=\u00a0\u00bb17233&Prime; img_size=\u00a0\u00bbfull\u00a0\u00bb qode_css_animation=\u00a0\u00bb\u00a0\u00bb][\/qode_content_slider_item][qode_content_slider_item][vc_single_image image=\u00a0\u00bb17235&Prime; img_size=\u00a0\u00bbfull\u00a0\u00bb qode_css_animation=\u00a0\u00bb\u00a0\u00bb][\/qode_content_slider_item][\/qode_content_slider][\/vc_column][\/vc_row][vc_row row_type=\u00a0\u00bbrow\u00a0\u00bb use_row_as_full_screen_section=\u00a0\u00bbno\u00a0\u00bb type=\u00a0\u00bbgrid\u00a0\u00bb in_content_menu=\u00a0\u00bbin_content_menu\u00a0\u00bb content_menu_icon=\u00a0\u00bb\u00a0\u00bb angled_section=\u00a0\u00bbno\u00a0\u00bb text_align=\u00a0\u00bbleft\u00a0\u00bb background_image_as_pattern=\u00a0\u00bbwithout_pattern\u00a0\u00bb background_color=\u00a0\u00bb#ffffff\u00a0\u00bb padding_top=\u00a0\u00bb25px\u00a0\u00bb padding_bottom=\u00a0\u00bb25px\u00a0\u00bb css_animation=\u00a0\u00bb\u00a0\u00bb][vc_column width=\u00a0\u00bb1\/2&Prime;][qode_content_slider enable_drag=\u00a0\u00bbno\u00a0\u00bb direction_nav=\u00a0\u00bbyes\u00a0\u00bb control_nav=\u00a0\u00bbno\u00a0\u00bb control_nav_justify=\u00a0\u00bbno\u00a0\u00bb pause_on_hover=\u00a0\u00bbno\u00a0\u00bb][qode_content_slider_item][vc_single_image image=\u00a0\u00bb17046&Prime; img_size=\u00a0\u00bbfull\u00a0\u00bb qode_css_animation=\u00a0\u00bb\u00a0\u00bb][\/qode_content_slider_item][qode_content_slider_item][vc_single_image image=\u00a0\u00bb17237&Prime; img_size=\u00a0\u00bbfull\u00a0\u00bb qode_css_animation=\u00a0\u00bb\u00a0\u00bb][\/qode_content_slider_item][\/qode_content_slider][\/vc_column][vc_column width=\u00a0\u00bb1\/2&Prime;][vc_column_text css=\u00a0\u00bb.vc_custom_1507893592003{padding-top: 5% !important;padding-right: 5% !important;padding-left: 5% !important;}\u00a0\u00bb]<\/p>\n<h2><span style=\"color: #67b002;\">COMMERCIALISATION<\/span><\/h2>\n<p>[\/vc_column_text][vc_column_text css=\u00a0\u00bb.vc_custom_1507893609309{padding-top: 5% !important;padding-right: 5% !important;padding-bottom: 5% !important;padding-left: 5% !important;}\u00a0\u00bb]Le secteur du bois \u00e9volue constamment et Maderas Chapar, comme toute autre entreprise de r\u00e9f\u00e9rence sur le march\u00e9, sait \u00e9galement \u00e9voluer avec lui. Nous avons \u00e9largi notre catalogue avec des produits semi-ouvr\u00e9s en forme de contreplaqu\u00e9 de diverses essences, sapin et pin du Nord thermo-trait\u00e9, brut et ouvr\u00e9, profil\u00e9s de pin lamin\u00e9s avec fingers pour fen\u00eatres, bois de pin radiata avec fingers\u2026[\/vc_column_text][\/vc_column][\/vc_row][vc_row row_type=\u00a0\u00bbrow\u00a0\u00bb use_row_as_full_screen_section=\u00a0\u00bbno\u00a0\u00bb type=\u00a0\u00bbgrid\u00a0\u00bb in_content_menu=\u00a0\u00bbin_content_menu\u00a0\u00bb content_menu_icon=\u00a0\u00bb\u00a0\u00bb angled_section=\u00a0\u00bbno\u00a0\u00bb text_align=\u00a0\u00bbleft\u00a0\u00bb background_image_as_pattern=\u00a0\u00bbwithout_pattern\u00a0\u00bb background_color=\u00a0\u00bb#ffffff\u00a0\u00bb padding_top=\u00a0\u00bb25px\u00a0\u00bb padding_bottom=\u00a0\u00bb25px\u00a0\u00bb css_animation=\u00a0\u00bb\u00a0\u00bb css=\u00a0\u00bb.vc_custom_1486072049987{background-color: #f2f2f2 !important;}\u00a0\u00bb][vc_column width=\u00a0\u00bb1\/2&Prime;][vc_column_text css=\u00a0\u00bb.vc_custom_1507893624332{padding-top: 5% !important;padding-right: 5% !important;padding-left: 5% !important;}\u00a0\u00bb]<\/p>\n<h2><span style=\"color: #67b002;\">LIVRAISON<\/span><\/h2>\n<p>[\/vc_column_text][vc_column_text css=\u00a0\u00bb.vc_custom_1507893641343{padding-top: 5% !important;padding-right: 5% !important;padding-bottom: 5% !important;padding-left: 5% !important;}\u00a0\u00bb]Nous stockons 10.000 m\u00b3 de bois sur plus de 38.000 m\u00b2 de surface (dont 12.000 m\u00b2 couverts). Un stock permanent en rotation constante qui garantit une livraison rapide et efficace pour que le produit arrive de fa\u00e7on quasi-imm\u00e9diate \u00e0 sa destination.[\/vc_column_text][\/vc_column][vc_column width=\u00a0\u00bb1\/2&Prime;][qode_content_slider enable_drag=\u00a0\u00bbno\u00a0\u00bb direction_nav=\u00a0\u00bbyes\u00a0\u00bb control_nav=\u00a0\u00bbno\u00a0\u00bb control_nav_justify=\u00a0\u00bbno\u00a0\u00bb pause_on_hover=\u00a0\u00bbno\u00a0\u00bb][qode_content_slider_item][vc_single_image image=\u00a0\u00bb16650&Prime; img_size=\u00a0\u00bbfull\u00a0\u00bb qode_css_animation=\u00a0\u00bb\u00a0\u00bb][\/qode_content_slider_item][qode_content_slider_item][vc_single_image image=\u00a0\u00bb17042&Prime; img_size=\u00a0\u00bbfull\u00a0\u00bb qode_css_animation=\u00a0\u00bb\u00a0\u00bb][\/qode_content_slider_item][\/qode_content_slider][\/vc_column][\/vc_row]<\/p>\n<\/div>","protected":false},"excerpt":{"rendered":"<p>[vc_row row_type=\u00a0\u00bbrow\u00a0\u00bb use_row_as_full_screen_section=\u00a0\u00bbno\u00a0\u00bb type=\u00a0\u00bbgrid\u00a0\u00bb angled_section=\u00a0\u00bbno\u00a0\u00bb text_align=\u00a0\u00bbcenter\u00a0\u00bb background_image_as_pattern=\u00a0\u00bbwithout_pattern\u00a0\u00bb padding_bottom=\u00a0\u00bb40&Prime; css_animation=\u00a0\u00bb\u00a0\u00bb][vc_column width=\u00a0\u00bb1\/6&Prime;][\/vc_column][vc_column width=\u00a0\u00bb2\/3&Prime;][vc_separator type=\u00a0\u00bbtransparent\u00a0\u00bb up=\u00a0\u00bb100&Prime; down=\u00a0\u00bb0&Prime;][vc_custom_heading text=\u00a0\u00bbNOS SERVICES\u00a0\u00bb font_container=\u00a0\u00bbtag:h1|font_size:30|text_align:center|color:%239bc13c\u00a0\u00bb use_theme_fonts=\u00a0\u00bbyes\u00a0\u00bb][vc_custom_heading text=\u00a0\u00bbQUALIT\u00c9 ET S\u00c9CURIT\u00c9 PENDANT TOUT LE PROCESSUS\u00a0\u00bb font_container=\u00a0\u00bbtag:h1|font_size:20|text_align:center|color:%23000000&Prime; use_theme_fonts=\u00a0\u00bbyes\u00a0\u00bb][vc_column_text css=\u00a0\u00bb.vc_custom_1507893085967{margin-top: 20px !important;}\u00a0\u00bb]Chez Maderas Chapar, nous ma\u00eetrisons l&rsquo;ensemble du processus de production, de la s\u00e9lection du bois dans&#8230;<\/p>\n","protected":false},"author":1,"featured_media":0,"parent":0,"menu_order":0,"comment_status":"open","ping_status":"closed","template":"full_width.php","meta":{"footnotes":""},"class_list":["post-17641","page","type-page","status-publish","hentry"],"_links":{"self":[{"href":"https:\/\/www.maderaschapar.com\/fr\/wp-json\/wp\/v2\/pages\/17641","targetHints":{"allow":["GET"]}}],"collection":[{"href":"https:\/\/www.maderaschapar.com\/fr\/wp-json\/wp\/v2\/pages"}],"about":[{"href":"https:\/\/www.maderaschapar.com\/fr\/wp-json\/wp\/v2\/types\/page"}],"author":[{"embeddable":true,"href":"https:\/\/www.maderaschapar.com\/fr\/wp-json\/wp\/v2\/users\/1"}],"replies":[{"embeddable":true,"href":"https:\/\/www.maderaschapar.com\/fr\/wp-json\/wp\/v2\/comments?post=17641"}],"version-history":[{"count":2,"href":"https:\/\/www.maderaschapar.com\/fr\/wp-json\/wp\/v2\/pages\/17641\/revisions"}],"predecessor-version":[{"id":17658,"href":"https:\/\/www.maderaschapar.com\/fr\/wp-json\/wp\/v2\/pages\/17641\/revisions\/17658"}],"wp:attachment":[{"href":"https:\/\/www.maderaschapar.com\/fr\/wp-json\/wp\/v2\/media?parent=17641"}],"curies":[{"name":"wp","href":"https:\/\/api.w.org\/{rel}","templated":true}]}}