{"id":17647,"date":"2017-02-01T12:29:29","date_gmt":"2017-02-01T12:29:29","guid":{"rendered":"https:\/\/www.maderaschapar.com\/certificacion\/"},"modified":"2025-12-17T21:50:48","modified_gmt":"2025-12-17T21:50:48","slug":"certification","status":"publish","type":"page","link":"https:\/\/www.maderaschapar.com\/fr\/certification\/","title":{"rendered":"Certification"},"content":{"rendered":"<div class=\"wpb-content-wrapper\"><p>[vc_row row_type=\u00a0\u00bbrow\u00a0\u00bb use_row_as_full_screen_section=\u00a0\u00bbno\u00a0\u00bb type=\u00a0\u00bbgrid\u00a0\u00bb angled_section=\u00a0\u00bbno\u00a0\u00bb text_align=\u00a0\u00bbcenter\u00a0\u00bb background_image_as_pattern=\u00a0\u00bbwithout_pattern\u00a0\u00bb padding_top=\u00a0\u00bb75&Prime; padding_bottom=\u00a0\u00bb40&Prime; css_animation=\u00a0\u00bb\u00a0\u00bb][vc_column width=\u00a0\u00bb1\/6&Prime;][\/vc_column][vc_column width=\u00a0\u00bb2\/3&Prime;][vc_separator type=\u00a0\u00bbtransparent\u00a0\u00bb up=\u00a0\u00bb26&Prime; down=\u00a0\u00bb0&Prime;][vc_column_text]<\/p>\n<h2><span style=\"color: #87b305;\">CERTIFICATION<\/span><\/h2>\n<h3>Engagement en faveur d&rsquo;une gestion foresti\u00e8re responsable<\/h3>\n<p>[\/vc_column_text][vc_column_text css=\u00a0\u00bb.vc_custom_1514892883668{margin-top: 20px !important;}\u00a0\u00bb]Le respect de notre environnement est pour nous un imp\u00e9ratif. Non seulement parce qu&rsquo;il est crucial pour la qualit\u00e9 de notre mati\u00e8re premi\u00e8re, mais aussi parce qu&rsquo;il est indispensable \u00e0 notre avenir.<\/p>\n<p>&nbsp;<\/p>\n<p>D\u00e8s le d\u00e9but de notre activit\u00e9, nous nous sommes efforc\u00e9s pour limiter au maximum l&rsquo;impact de nos processus de production sur l&rsquo;environnement. Le maintien et l&rsquo;exploitation des ressources foresti\u00e8res, ainsi qu&rsquo;une utilisation optimale de celles-ci, ont toujours \u00e9t\u00e9 un objectif strat\u00e9gique pour notre entreprise. C&rsquo;est pourquoi nous avons obtenu, en janvier 2007, les certifications PEFC et FSC\u00ae.<\/p>\n<p>&nbsp;<\/p>\n<p>L&rsquo;implantation du syst\u00e8me de Cha\u00eene de conservation nous oblige, non seulement \u00e0 augmenter chaque ann\u00e9e l&rsquo;achat de bois certifi\u00e9, mais aussi \u00e0 promouvoir l&rsquo;\u00e9cocertification et l&rsquo;information aupr\u00e8s de nos fournisseurs et de nos clients, ainsi qu&rsquo;\u00e0 garantir la tra\u00e7abilit\u00e9 de la provenance des bois que nous transformons. Par ailleurs, le syst\u00e8me de Cha\u00eene de conservation constitue un m\u00e9canisme efficace pour satisfaire aux exigences du R\u00e8glement Bois de l&rsquo;Union Europ\u00e9enne (EUTR).<\/p>\n<p>&nbsp;<\/p>\n<p>Cet engagement de gestion foresti\u00e8re responsable nous aide \u00e0 contribuer \u00e0 l&rsquo;exploitation durable de la for\u00eat de fa\u00e7on \u00e0 ce qu&rsquo;elle soit \u00e9conomiquement viable, environnementalement appropri\u00e9e et socialement avantageuse pour tous.[\/vc_column_text][vc_empty_space height=\u00a0\u00bb42px\u00a0\u00bb][vc_row_inner row_type=\u00a0\u00bbrow\u00a0\u00bb type=\u00a0\u00bbfull_width\u00a0\u00bb text_align=\u00a0\u00bbleft\u00a0\u00bb css_animation=\u00a0\u00bb\u00a0\u00bb][vc_column_inner width=\u00a0\u00bb1\/3&Prime;][vc_column_text]<img loading=\"lazy\" decoding=\"async\" class=\"alignnone wp-image-18483\" src=\"https:\/\/www.maderaschapar.com\/wp-content\/uploads\/2017\/02\/fsc-PEFC1-maderaschaparv2-242x300.jpg\" alt=\"\" width=\"135\" height=\"167\" \/>[\/vc_column_text][vc_button2 title=\u00a0\u00bbT\u00e9l\u00e9charger certification\u00a0\u00bb style=\u00a0\u00bbsquare\u00a0\u00bb color=\u00a0\u00bbgrey\u00a0\u00bb size=\u00a0\u00bbsm\u00a0\u00bb link=\u00a0\u00bburl:https%3A%2F%2Fwww.maderaschapar.com%2Fwp-content%2Fuploads%2F2024%2F03%2FCERTIFICADO-PEFC-CHAPAR-05-02-2029.pdf||target:%20_blank|\u00a0\u00bb][\/vc_column_inner][vc_column_inner width=\u00a0\u00bb1\/3&Prime;][vc_column_text]<img loading=\"lazy\" decoding=\"async\" class=\"alignleft wp-image-18139\" src=\"https:\/\/www.maderaschapar.com\/wp-content\/uploads\/2017\/02\/fsc-maderachapaar.jpg\" alt=\"\" width=\"142\" height=\"176\" \/>[\/vc_column_text][vc_empty_space height=\u00a0\u00bb30px\u00a0\u00bb][vc_button2 title=\u00a0\u00bbT\u00e9l\u00e9charger certification\u00a0\u00bb style=\u00a0\u00bbsquare\u00a0\u00bb color=\u00a0\u00bbgrey\u00a0\u00bb size=\u00a0\u00bbsm\u00a0\u00bb link=\u00a0\u00bburl:https%3A%2F%2Fwww.maderaschapar.com%2Fwp-content%2Fuploads%2F2024%2F10%2FCERTIFICADO_FSC_CHAPAR_10-02-2028-v2.pdf||target:%20_blank|\u00a0\u00bb][\/vc_column_inner][vc_column_inner width=\u00a0\u00bb1\/3&Prime;][vc_column_text]<img loading=\"lazy\" decoding=\"async\" class=\"wp-image-18336 alignnone\" src=\"https:\/\/www.maderaschapar.com\/wp-content\/uploads\/2017\/02\/POLITICA-DE-COC.jpg\" alt=\"\" width=\"136\" height=\"170\" srcset=\"https:\/\/www.maderaschapar.com\/wp-content\/uploads\/2017\/02\/POLITICA-DE-COC.jpg 337w, https:\/\/www.maderaschapar.com\/wp-content\/uploads\/2017\/02\/POLITICA-DE-COC-241x300.jpg 241w\" sizes=\"auto, (max-width: 136px) 100vw, 136px\" \/>[\/vc_column_text][vc_button2 title=\u00a0\u00bbDescargar pol\u00edtica de COC\u00a0\u00bb align=\u00a0\u00bbleft\u00a0\u00bb style=\u00a0\u00bbsquare\u00a0\u00bb color=\u00a0\u00bbgrey\u00a0\u00bb size=\u00a0\u00bbsm\u00a0\u00bb link=\u00a0\u00bburl:https%3A%2F%2Fwww.maderaschapar.com%2Fwp-content%2Fuploads%2F2023%2F11%2FRE-03_Politica_COC.pdf||target:%20_blank|\u00a0\u00bb][\/vc_column_inner][\/vc_row_inner][\/vc_column][vc_column width=\u00a0\u00bb1\/6&Prime;][\/vc_column][\/vc_row][vc_row row_type=\u00a0\u00bbrow\u00a0\u00bb use_row_as_full_screen_section=\u00a0\u00bbno\u00a0\u00bb type=\u00a0\u00bbfull_width\u00a0\u00bb header_style=\u00a0\u00bblight\u00a0\u00bb angled_section=\u00a0\u00bbno\u00a0\u00bb text_align=\u00a0\u00bbcenter\u00a0\u00bb background_image_as_pattern=\u00a0\u00bbwithout_pattern\u00a0\u00bb css_animation=\u00a0\u00bb\u00a0\u00bb][vc_column][vc_empty_space][vc_row_inner row_type=\u00a0\u00bbrow\u00a0\u00bb use_as_box=\u00a0\u00bbuse_row_as_box\u00a0\u00bb type=\u00a0\u00bbfull_width\u00a0\u00bb text_align=\u00a0\u00bbleft\u00a0\u00bb css_animation=\u00a0\u00bb\u00a0\u00bb][vc_column_inner width=\u00a0\u00bb1\/6&Prime;][\/vc_column_inner][vc_column_inner width=\u00a0\u00bb2\/3&Prime;][\/vc_column_inner][vc_column_inner width=\u00a0\u00bb1\/6&Prime;][\/vc_column_inner][\/vc_row_inner][\/vc_column][\/vc_row]<\/p>\n<\/div>","protected":false},"excerpt":{"rendered":"<p>[vc_row row_type=\u00a0\u00bbrow\u00a0\u00bb use_row_as_full_screen_section=\u00a0\u00bbno\u00a0\u00bb type=\u00a0\u00bbgrid\u00a0\u00bb angled_section=\u00a0\u00bbno\u00a0\u00bb text_align=\u00a0\u00bbcenter\u00a0\u00bb background_image_as_pattern=\u00a0\u00bbwithout_pattern\u00a0\u00bb padding_top=\u00a0\u00bb75&Prime; padding_bottom=\u00a0\u00bb40&Prime; css_animation=\u00a0\u00bb\u00a0\u00bb][vc_column width=\u00a0\u00bb1\/6&Prime;][\/vc_column][vc_column width=\u00a0\u00bb2\/3&Prime;][vc_separator type=\u00a0\u00bbtransparent\u00a0\u00bb up=\u00a0\u00bb26&Prime; down=\u00a0\u00bb0&Prime;][vc_column_text] CERTIFICATION Engagement en faveur d&rsquo;une gestion foresti\u00e8re responsable [\/vc_column_text][vc_column_text css=\u00a0\u00bb.vc_custom_1514892883668{margin-top: 20px !important;}\u00a0\u00bb]Le respect de notre environnement est pour nous un imp\u00e9ratif. Non seulement parce qu&rsquo;il est crucial pour la qualit\u00e9&#8230;<\/p>\n","protected":false},"author":1,"featured_media":0,"parent":0,"menu_order":0,"comment_status":"open","ping_status":"closed","template":"full_width.php","meta":{"footnotes":""},"class_list":["post-17647","page","type-page","status-publish","hentry"],"_links":{"self":[{"href":"https:\/\/www.maderaschapar.com\/fr\/wp-json\/wp\/v2\/pages\/17647","targetHints":{"allow":["GET"]}}],"collection":[{"href":"https:\/\/www.maderaschapar.com\/fr\/wp-json\/wp\/v2\/pages"}],"about":[{"href":"https:\/\/www.maderaschapar.com\/fr\/wp-json\/wp\/v2\/types\/page"}],"author":[{"embeddable":true,"href":"https:\/\/www.maderaschapar.com\/fr\/wp-json\/wp\/v2\/users\/1"}],"replies":[{"embeddable":true,"href":"https:\/\/www.maderaschapar.com\/fr\/wp-json\/wp\/v2\/comments?post=17647"}],"version-history":[{"count":16,"href":"https:\/\/www.maderaschapar.com\/fr\/wp-json\/wp\/v2\/pages\/17647\/revisions"}],"predecessor-version":[{"id":18495,"href":"https:\/\/www.maderaschapar.com\/fr\/wp-json\/wp\/v2\/pages\/17647\/revisions\/18495"}],"wp:attachment":[{"href":"https:\/\/www.maderaschapar.com\/fr\/wp-json\/wp\/v2\/media?parent=17647"}],"curies":[{"name":"wp","href":"https:\/\/api.w.org\/{rel}","templated":true}]}}