{"id":18086,"date":"2017-01-19T15:58:00","date_gmt":"2017-01-19T15:58:00","guid":{"rendered":"https:\/\/www.maderaschapar.com\/aviso-legal\/"},"modified":"2019-09-26T10:45:44","modified_gmt":"2019-09-26T10:45:44","slug":"aviso-legal","status":"publish","type":"page","link":"https:\/\/www.maderaschapar.com\/fr\/aviso-legal\/","title":{"rendered":"Aviso legal"},"content":{"rendered":"<div class=\"wpb-content-wrapper\"><p>[vc_row row_type=\u00a0\u00bbrow\u00a0\u00bb use_row_as_full_screen_section=\u00a0\u00bbno\u00a0\u00bb type=\u00a0\u00bbfull_width\u00a0\u00bb angled_section=\u00a0\u00bbno\u00a0\u00bb text_align=\u00a0\u00bbleft\u00a0\u00bb background_image_as_pattern=\u00a0\u00bbwithout_pattern\u00a0\u00bb css_animation=\u00a0\u00bb\u00a0\u00bb css=\u00a0\u00bb.vc_custom_1475509056688{margin-top: 10px !important;}\u00a0\u00bb][vc_column][vc_column_text]En cumplimiento del art\u00edculo 10 de la Ley 34\/2002, del 11 de julio, de servicios de la Sociedad de la Informaci\u00f3n y Comercio Electr\u00f3nico (LSSICE) se exponen a continuaci\u00f3n los datos\u00a0de titularidad del nombre del dominio\u00a0www.maderaschapar.com<\/p>\n<p>&nbsp;<\/p>\n<p><strong><span class=\"negro9b\">ESPA\u00d1A:<\/span><\/strong><span class=\"negro9\"><br \/>\nMaderas Chapar S.L.<br \/>\nN\u00famero de identificaci\u00f3n fiscal: B31\/424336<br \/>\nCtra. Pamplona-Zaragoza N-121, km. 13<br \/>\n31.398 TIEBAS &#8211; CAMPANAS (Navarra) Espa\u00f1a<br \/>\nTel\u00e9fono: +34 948 36 01 59. Fax: +34 948 36 01 91<br \/>\n<a class=\"negro9\" href=\"mailto:maderaschapar@maderaschapar.com\" target=\"_blank\" rel=\"noopener noreferrer\">info@maderaschapar.com<\/a><br \/>\n<\/span><br \/>\n<span class=\"negro9b\"><strong>PORTUGAL:<\/strong><br \/>\n<\/span><span class=\"negro9\">CHAPAR &amp; FILHOS, LDA.<br \/>\n<\/span><span class=\"negro9\">Contribuinte N\u00ba 506809080<br \/>\nRua da Industria, 70<br \/>\n4595-438 SEROA-PA\u00c7OS DE FERREIRA Portugal<br \/>\nTel. +351 255 892 050. Fax +351 255 892 051<br \/>\n<a class=\"negro9\" href=\"mailto:madeiraschapar@mail.telepac.pt\" target=\"_blank\" rel=\"noopener noreferrer\">madeiraschapar@mail.telepac.pt<\/a><\/span><\/p>\n<p>&nbsp;<\/p>\n<h4>1-Condiciones generales<\/h4>\n<p>www.maderaschapar.com\u00a0es un sitio web titularidad de Maderas Chapar, S.L.. El usuario accede a este sitio web de forma voluntaria. El acceso a este sitio web tiene car\u00e1cter gratuito. La navegaci\u00f3n en este sitio web implica aceptar y conocer las advertencias legales, condiciones y t\u00e9rminos de uso y pol\u00edtica de privacidad contenidos en \u00e9l. Si el usuario no est\u00e1 de acuerdo con estas condiciones de uso y no presta su consentimiento, no podr\u00e1 hacer uso de este sitio web.\u2028 El acceso a este sitio web, as\u00ed como el uso que pueda hacerse de la informaci\u00f3n que contiene, son de la exclusiva responsabilidad del usuario. El usuario se compromete a hacer uso del mismo de acuerdo a la finalidad del sitio web.\u2028El usuario no puede hacer un uso il\u00edcito de la informaci\u00f3n contenida en esta web, ni llevar a cabo acciones que puedan da\u00f1ar o alterar los sistemas inform\u00e1ticos de esta web.\u2028Queda prohibida la inclusi\u00f3n y comunicaci\u00f3n de contenidos, por parte de los usuarios, que sean falsos o inexactos y que induzcan o puedan inducir a error a Maderas Chapar, S.L. \u00a0o a otros usuarios o terceros. El usuario ser\u00e1 el \u00fanico responsable de los perjuicios que cause mediante la comunicaci\u00f3n de dichos datos.\u2028Queda prohibido el uso de datos personales de terceros sin su consentimiento, as\u00ed como el uso de datos identificativos de terceros con el \u00e1nimo de hacerse pasar por o fingir ser cualquier otra persona o entidad. Maderas Chapar, S.L. realiza los m\u00e1ximos esfuerzos para evitar errores en los contenidos que se publican en el sitio web, reserv\u00e1ndose la facultad de poder modificarlos en cualquier Maderas Chapar, S.L. .declina expresamente cualquier responsabilidad por error u omisi\u00f3n en los contenidos de este sitio web y de los da\u00f1os y perjuicios que puedan deberse a la falta de veracidad, exactitud y actualidad de los mismos.\u2028 www.maderaschapar.com\u00a0puede ofrecer enlaces a otros sitios web o facilitar su acceso mediante un buscador ubicado en su sitio web. Maderas Chapar, S.L. no asume ninguna responsabilidad en relaci\u00f3n con estos sitios enlazados, ni los resultados de las b\u00fasquedas, ya que no tiene ning\u00fan tipo de control sobre ellos, su contenido, productos y servicios ofrecidos, etc. La finalidad de estos servicios es informar al usuario de otras fuentes de informaci\u00f3n, por lo que el usuario accede bajo su exclusiva responsabilidad al contenido y en las condiciones de uso que rijan en los mismos. Maderas Chapar, S.L. no se responsabilizar\u00e1 de ninguna consecuencia, da\u00f1o o perjuicio que pudieran derivarse del uso de este sitio web o de sus contenidos, incluidos da\u00f1os inform\u00e1ticos y la introducci\u00f3n de virus. Maderas Chapar, S.L. no garantiza la ausencia de virus ni de otros elementos en el sitio web, introducidos por terceros ajenos, que puedan producir alteraciones en los sistemas f\u00edsicos o l\u00f3gicos de los usuarios, pero utiliza todos los medios a su alcance para que esto no suceda. Maderas Chapar, S.L. se reserva el derecho de modificar o borrar en cualquier momento, sin previo aviso y\/o justificaci\u00f3n, el dise\u00f1o, la configuraci\u00f3n y la informaci\u00f3n contenida en este sitio web, si as\u00ed lo estima oportuno. Maderas Chapar, S.L. no se hace responsable de los perjuicios que estas modificaciones puedan causar. No obstante utilizar\u00e1 todos los recursos que tenga a su alcance para informar a los usuarios de dichas modificaciones.<\/p>\n<h4><\/h4>\n<p>&nbsp;<\/p>\n<h4>2-Propiedad intelectual e industrial<\/h4>\n<p>Maderas Chapar, S.L. es titular de los derechos de propiedad intelectual e industrial de todos los elementos que integran www.maderaschapar.com, incluyendo la marca, nombre comercial o signo distintivo. En particular y a t\u00edtulo no limitativo, est\u00e1n protegidos por los derechos de autor, el dise\u00f1o gr\u00e1fico, c\u00f3digo fuente, logos, textos, gr\u00e1ficos, ilustraciones, fotograf\u00edas, sonidos y dem\u00e1s elementos contenidos en sitio web.<\/p>\n<p>En ning\u00fan caso el acceso o navegaci\u00f3n en www.maderaschapar.com, implica renuncia, transmisi\u00f3n o licencia total o parcial de Maderas Chapar, S.L. para uso personal al Usuario sobre sus derechos de propiedad intelectual e industrial.<\/p>\n<p>Por ello, el Usuario reconoce que la reproducci\u00f3n, copiado, distribuci\u00f3n, comercializaci\u00f3n, transformaci\u00f3n, reutilizaci\u00f3n, comunicaci\u00f3n p\u00fablica y en general, cualquier otra forma de explotaci\u00f3n, por cualquier procedimiento, de todo o parte de los contenidos de www.maderaschapar.com, sin autorizaci\u00f3n expresa y por escrito a Maderas Chapar, S.L ,constituye una infracci\u00f3n de sus derechos de propiedad intelectual y\/o industrial.<\/p>\n<h4><\/h4>\n<p>&nbsp;<\/p>\n<h4>3-Modificaciones<\/h4>\n<p>Estas Condiciones podr\u00e1n sufrir modificaciones cuando Maderas Chapar, S.L. lo considere oportuno, bien con la finalidad de adecuarse a los cambios legislativos, bien con el fin de llevar a cabo otro tipo de mejoras. Estas modificaciones ser\u00e1n v\u00e1lidas desde su publicaci\u00f3n en este sitio web. Maderas Chapar, S.L. utilizar\u00e1 todos los medios a su alcance para dar a conocer a los usuarios de la web los cambios realizados.<\/p>\n<h4><\/h4>\n<p>&nbsp;<\/p>\n<h4>4-Jurisdicci\u00f3n<\/h4>\n<p>Las relaciones establecidas entre Maderas Chapar, S.L. y el usuario se regir\u00e1n por lo dispuesto en la normativa vigente acerca de la legislaci\u00f3n aplicable y la jurisdicci\u00f3n competente. No obstante, para los casos en los que la normativa prevea la posibilidad a las partes de someterse a un fuero, Maderas Chapar, S.L. y el usuario, con renuncia expresa a cualquier otro fuero que pudiera corresponderles, se someten a los Juzgados y Tribunales de Pamplona-Iru\u00f1a.<\/p>\n<h4><\/h4>\n<p>&nbsp;<\/p>\n<h4>5-Protecci\u00f3n de datos de car\u00e1cter personal<\/h4>\n<h5>5.1. Introducci\u00f3n<\/h5>\n<p class=\"ListParagraphCxSpFirst\"><b><u>Cl\u00e1usula informativa:<\/u><\/b><\/p>\n<p class=\"ListParagraphCxSpMiddle\">Los datos personales por Ud. proporcionados ser\u00e1n tratados por <b>MADERAS CHAPAR S.L.<\/b>, con domicilio sito en\u00a0 CTRA ZARAGOZA N-121 KM 13 31398 TIEBAS NAVARRA. A este respecto, le informamos que la base jur\u00eddica para el tratamiento de sus datos de car\u00e1cter personal se encuentra en el propio consentimiento que Ud. nos ha otorgado. Los datos proporcionados se conservar\u00e1n mientras no solicite su cese. Los datos no se ceder\u00e1n a terceros salvo en los casos en que exista una obligaci\u00f3n legal. Puede ejercitar sus derechos de acceso, rectificaci\u00f3n, cancelaci\u00f3n, limitaci\u00f3n, portabilidad y oposici\u00f3n en la direcci\u00f3n anteriormente indicada, mediante solicitud escrita acompa\u00f1ada de copia del DNI. Igualmente le informamos del su derecho a presentar una reclamaci\u00f3n ante la autoridad de control competente.<\/p>\n<p class=\"ListParagraphCxSpLast\">El presente consentimiento puede ser revocado en cualquier momento dirigi\u00e9ndose para ello por escrito a la direcci\u00f3n anteriormente indicada por cualquier medio que permita acreditar su correcta recepci\u00f3n. A este respecto se le informa que tal revocaci\u00f3n no afectar\u00e1 a la validez y\/o licitud del tratamiento y\/o cesi\u00f3n realizada previamente a dicha retirada de su consentimiento.<\/p>\n<h5>5.2. Comunicaciones a terceros<\/h5>\n<p>Maderas Chapar, S.L. no vende, cede, arrienda ni transmite de ning\u00fan modo, informaci\u00f3n o datos de car\u00e1cter personal de sus Clientes\/Usuarios a terceros.<\/p>\n<h5>5.3. Datos de Tr\u00e1fico y Cookies<\/h5>\n<p>El sitio web de Maderas Chapar, S.L. utiliza cookies con la finalidad \u00fanica de facilitar y mejorar la navegaci\u00f3n del usuario. Una cookie es un archivo de texto que un servidor web puede dejar en el disco duro del usuario con el fin de identificarlo cuando \u00e9ste se vuelva a conectar. El sitio web de Maderas Chapar, S.L. s\u00f3lo leer\u00e1 las cookies generadas por \u00e9l mismo. Las cookies utilizadas por Maderas Chapar, S.L. se asocian \u00fanicamente a un usuario y un ordenador, no permitiendo el acceso a otros datos de car\u00e1cter personal.\u2028La mayor\u00eda de los navegadores aceptan la utilizaci\u00f3n de cookies de forma autom\u00e1tica, pero el usuario puede configurar su navegador para ser avisado en su pantalla de ordenador de la recepci\u00f3n de cookies y poder impedir su instalaci\u00f3n en su disco duro.[\/vc_column_text][vc_empty_space height=\u00a0\u00bb52px\u00a0\u00bb][\/vc_column][\/vc_row]<\/p>\n<\/div>","protected":false},"excerpt":{"rendered":"<p>[vc_row row_type=\u00a0\u00bbrow\u00a0\u00bb use_row_as_full_screen_section=\u00a0\u00bbno\u00a0\u00bb type=\u00a0\u00bbfull_width\u00a0\u00bb angled_section=\u00a0\u00bbno\u00a0\u00bb text_align=\u00a0\u00bbleft\u00a0\u00bb background_image_as_pattern=\u00a0\u00bbwithout_pattern\u00a0\u00bb css_animation=\u00a0\u00bb\u00a0\u00bb css=\u00a0\u00bb.vc_custom_1475509056688{margin-top: 10px !important;}\u00a0\u00bb][vc_column][vc_column_text]En cumplimiento del art\u00edculo 10 de la Ley 34\/2002, del 11 de julio, de servicios de la Sociedad de la Informaci\u00f3n y Comercio Electr\u00f3nico (LSSICE) se exponen a continuaci\u00f3n los datos\u00a0de titularidad del nombre del&#8230;<\/p>\n","protected":false},"author":1,"featured_media":0,"parent":0,"menu_order":0,"comment_status":"open","ping_status":"open","template":"","meta":{"footnotes":""},"class_list":["post-18086","page","type-page","status-publish","hentry"],"_links":{"self":[{"href":"https:\/\/www.maderaschapar.com\/fr\/wp-json\/wp\/v2\/pages\/18086","targetHints":{"allow":["GET"]}}],"collection":[{"href":"https:\/\/www.maderaschapar.com\/fr\/wp-json\/wp\/v2\/pages"}],"about":[{"href":"https:\/\/www.maderaschapar.com\/fr\/wp-json\/wp\/v2\/types\/page"}],"author":[{"embeddable":true,"href":"https:\/\/www.maderaschapar.com\/fr\/wp-json\/wp\/v2\/users\/1"}],"replies":[{"embeddable":true,"href":"https:\/\/www.maderaschapar.com\/fr\/wp-json\/wp\/v2\/comments?post=18086"}],"version-history":[{"count":2,"href":"https:\/\/www.maderaschapar.com\/fr\/wp-json\/wp\/v2\/pages\/18086\/revisions"}],"predecessor-version":[{"id":18213,"href":"https:\/\/www.maderaschapar.com\/fr\/wp-json\/wp\/v2\/pages\/18086\/revisions\/18213"}],"wp:attachment":[{"href":"https:\/\/www.maderaschapar.com\/fr\/wp-json\/wp\/v2\/media?parent=18086"}],"curies":[{"name":"wp","href":"https:\/\/api.w.org\/{rel}","templated":true}]}}