{"id":18089,"date":"2017-02-27T15:48:16","date_gmt":"2017-02-27T15:48:16","guid":{"rendered":"https:\/\/www.maderaschapar.com\/politica-de-cookies\/"},"modified":"2023-04-13T08:49:05","modified_gmt":"2023-04-13T08:49:05","slug":"politica-de-cookies","status":"publish","type":"page","link":"https:\/\/www.maderaschapar.com\/fr\/politica-de-cookies\/","title":{"rendered":"Pol\u00edtica de cookies"},"content":{"rendered":"<p>En la web www.maderaschapar.com\u00a0utilizamos cookies para facilitar la relaci\u00f3n de los visitantes con nuestro contenido y para permitir elaborar estad\u00edsticas sobre las visitantes que recibimos.<\/p>\n<p>En cumplimiento de la Directiva 2009\/136\/CE, desarrollada en nuestro ordenamiento por el apartado segundo del art\u00edculo 22 de la Ley de Servicios de Sociedad de la Informaci\u00f3n, siguiendo las directrices de la Agencia Espa\u00f1ola de Protecci\u00f3n de Datos, procedemos a informarle detalladamente del uso que se realiza en nuestra web.<\/p>\n<p>Se denominan cookies a unos peque\u00f1os archivos que se graban en el navegador utilizado por cada visitante de nuestra web para que el servidor pueda recordar la visita de ese usuario con posterioridad cuando vuelva a acceder a nuestros contenidos. Esta informaci\u00f3n no revela su identidad, ni dato personal alguno, ni accede al contenido almacenado en su pc, pero s\u00ed que permite a nuestro sistema identificarle a usted como un usuario determinado que ya visit\u00f3 la web con anterioridad, visualiz\u00f3 determinadas p\u00e1ginas, etc. y adem\u00e1s permite guardar sus preferencias personales e informaci\u00f3n t\u00e9cnica como por ejemplo las visitas realizadas o p\u00e1ginas concretas que visite.<\/p>\n<p>La finalidad de las cookies es la de facilitar al Usuario un acceso m\u00e1s r\u00e1pido a los Servicios seleccionados.<\/p>\n<p>Si no desea que se guarden cookies en su navegador o prefiere recibir una informaci\u00f3n cada vez que una cookie solicite instalarse, puede configurar sus opciones de navegaci\u00f3n para que se haga de esa forma. La mayor parte de los navegadores permiten la gesti\u00f3n de las cookies de 3 formas diferentes:<\/p>\n<ul>\n<li>Las cookies son siempre rechazadas;<\/li>\n<li>El navegador pregunta si el usuario desea instalar cada cookie;<\/li>\n<li>Las cookies son siempre aceptadas;<\/li>\n<\/ul>\n<p>Su navegador tambi\u00e9n puede incluir la posibilidad de seleccionar con detalle las cookies que desea que se instalen en su ordenador. En concreto, el usuario puede normalmente aceptar alguna de las siguientes opciones:<\/p>\n<ul>\n<li>rechazar las cookies de determinados dominios;<\/li>\n<li>rechazar las cookies de terceros;<\/li>\n<li>aceptar cookies como no persistentes (se eliminan cuando el navegador se cierra);<\/li>\n<li>permitir al servidor crear cookies para un dominio diferente.<\/li>\n<\/ul>\n<h3>Garant\u00edas y opciones sobre las cookies<\/h3>\n<p>En todo momento tienes la posibilidad de aceptar o rechazar la instalaci\u00f3n de cookies, o bien rechazar la instalaci\u00f3n de un determinado tipo de cookies, (las de publicidad, o las de terceros). Adem\u00e1s, despu\u00e9s de cada sesi\u00f3n, puedes eliminar todas o algunas de las cookies almacenadas.<\/p>\n<p>De igual forma, puedes activar:<br \/>\n.-\u00a0<strong>La navegaci\u00f3n privada<\/strong>, mediante la cual su navegador deja de guardar el historial de navegaci\u00f3n, contrase\u00f1as de sitios web, cookies y otra informaci\u00f3n de las p\u00e1ginas que visita, o<br \/>\n.-\u00a0<strong>La funci\u00f3n de no rastrear (\u201c<a href=\"http:\/\/donottrack.us\/\" target=\"_blank\" rel=\"noopener noreferrer\">Do not track<\/a>\u201c)<\/strong>, por la que el navegador pide a los sitios web que visita que no rastreen sus h\u00e1bitos de navegaci\u00f3n, para por ejemplo, servirle publicidad de su inter\u00e9s en los sitios que visita.<\/p>\n<p>Consulta la ayuda de tu navegador para informarte de las diferentes opciones de gesti\u00f3n de cookies. Ten en cuenta que al bloquear cookies, puedes afectar todas o algunas funcionalidades de nuestra web.<\/p>\n<p>A continuaci\u00f3n le indicamos algunos denlaces de ayuda de los principales navegadores web en lo que se refiere a gesti\u00f3n de Cookies:<\/p>\n<p><strong>Microsoft Internet Explorer 11<\/strong><br \/>\nhttp:\/\/windows.microsoft.com\/es-es\/internet-explorer\/delete-manage-cookies#ie=ie-11<\/p>\n<p><strong>Microsoft Edge<\/strong><br \/>\nhttp:\/\/windows.microsoft.com\/es-xl\/windows-10\/edge-privacy-faq<\/p>\n<p><strong>Apple Safari 8 (Yosemite)<\/strong><br \/>\nhttps:\/\/support.apple.com\/kb\/PH19214?locale=es_ES<\/p>\n<p><strong>Apple Safari 9 (El Capit\u00e1n)<\/strong><br \/>\nhttps:\/\/support.apple.com\/kb\/PH21411?locale=es_ES<\/p>\n<p><strong>Google Chrome<\/strong><br \/>\nhttps:\/\/support.google.com\/chrome\/answer\/95647?hl=es<\/p>\n<p><strong>Mozilla Firefox<\/strong><br \/>\nhttps:\/\/support.mozilla.org\/es\/kb\/habilitar-y-deshabilitar-cookies-que-los-sitios-we<br \/>\nhttps:\/\/support.mozilla.org\/es\/kb\/Borrar cookies<\/p>\n<p>Respecto de las cookies de terceros, es decir aquellas que son ajenas a nuestro sitio web, no podemos hacernos responsables del contenido y veracidad de las pol\u00edticas de privacidad que ellos incluyen por lo que la informaci\u00f3n que le ofrecemos es siempre con referencia a la fuente.<\/p>\n<p>A continuaci\u00f3n le informamos detalladamente de las cookies que pueden instalarse desde nuestro sitio web. En funci\u00f3n de su navegaci\u00f3n podr\u00e1n instalarse todas o s\u00f3lo algunas de ellas.<\/p>\n<table>\n<tbody>\n<tr align=\"center\">\n<td>Nombre<\/td>\n<td>Categoria<\/td>\n<td>Descripci\u00f3n<\/td>\n<td>Propiedad<\/td>\n<td>Duraci\u00f3n<\/td>\n<\/tr>\n<tr id=\"_ga\" align=\"center\">\n<td>_ga<\/td>\n<td>An\u00e1lisis<\/td>\n<td>Se usa para distinguir a los usuarios.<\/td>\n<td>Terceros<\/td>\n<td>2 a\u00f1os<\/td>\n<\/tr>\n<tr id=\"_gat\" align=\"center\">\n<td>_gat<\/td>\n<td>Publicidad<\/td>\n<td>Se usa para diferenciar entre los diferentes objetos de seguimiento creados en la sesi\u00f3n.<\/td>\n<td>Terceros<\/td>\n<td>1 minuto<\/td>\n<\/tr>\n<tr id=\"_gid\" align=\"center\">\n<td>_gid<\/td>\n<td>An\u00e1lisis<\/td>\n<td>Se usa para distinguir a los usuarios.<\/td>\n<td>Terceros<\/td>\n<td>24 horas<\/td>\n<\/tr>\n<tr id=\"PHPSESSID\" align=\"center\">\n<td>PHPSESSID<\/td>\n<td>Funcionalidad<\/td>\n<td>Esta cookie es usado por el lenguaje de encriptado PHP para permitir que las variables de sesi\u00f3n sean guardadas en el servidor web.<\/td>\n<td>Propia<\/td>\n<td>Finalizaci\u00f3n de la sesi\u00f3n<\/td>\n<\/tr>\n<tr id=\"wordpress_\" align=\"center\">\n<td>wordpress_<\/td>\n<td>Funcionalidad<\/td>\n<td>Se activa durante el login y guarda los detalles de autentificaci\u00f3n.<\/td>\n<td>Propia<\/td>\n<td>1 a\u00f1o<\/td>\n<\/tr>\n<tr id=\"wordpress_logged_in_\" align=\"center\">\n<td>wordpress_logged_in_<\/td>\n<td>Funcionalidad<\/td>\n<td>Se activa durante el login y guarda los detalles de autentificaci\u00f3n.<\/td>\n<td>Propia<\/td>\n<td>1 a\u00f1o<\/td>\n<\/tr>\n<tr id=\"wordpress_test_cookie\" align=\"center\">\n<td>wordpress_test_cookie<\/td>\n<td>Funcionalidad<\/td>\n<td>Se activa durante el login y guarda los detalles de autentificaci\u00f3n.<\/td>\n<td>Propia<\/td>\n<td>1 a\u00f1o<\/td>\n<\/tr>\n<tr id=\"wp-settings-\" align=\"center\">\n<td>wp-settings-<\/td>\n<td>Funcionalidad<\/td>\n<td>Sirve para personalizar la Interfaz de Usuario.<\/td>\n<td>Propia<\/td>\n<td>1 a\u00f1o<\/td>\n<\/tr>\n<tr id=\"wp-settings-time-\" align=\"center\">\n<td>wp-settings-time-<\/td>\n<td>Funcionalidad<\/td>\n<td>Sirve para personalizar la Interfaz de Usuario.<\/td>\n<td>Propia<\/td>\n<td>Finalizaci\u00f3n de la sesi\u00f3n<\/td>\n<\/tr>\n<tr id=\"catAccCookies\" align=\"center\">\n<td>_utma<\/td>\n<td>An\u00e1lisis<\/td>\n<td>Se usa para distinguir usuarios y sesiones.<\/td>\n<td>Terceros<\/td>\n<td>2 a\u00f1os<\/td>\n<\/tr>\n<tr id=\"lu\" align=\"center\">\n<td>utmb<\/td>\n<td>An\u00e1lisis<\/td>\n<td>Se usa para determinar nuevas sesiones o visitas.<\/td>\n<td>Terceros<\/td>\n<td>30 mins<\/td>\n<\/tr>\n<tr id=\"cdp-cookies-plugin-wp\" align=\"center\">\n<td>_utmc<\/td>\n<td>An\u00e1lisis<\/td>\n<td>No se usa en ga.js. Se configura para interactuar con urchin.js.<\/td>\n<td>Terceros<\/td>\n<td>Finalizaci\u00f3n de la sesi\u00f3n<\/td>\n<\/tr>\n<tr align=\"center\">\n<td>\u00a0_utmz<\/td>\n<td>An\u00e1lisis<\/td>\n<td>Almacena la fuente de tr\u00e1fico o la campa\u00f1a que explica c\u00f3mo ha llegado el usuario al sitio.<\/td>\n<td>Terceros<\/td>\n<td>6 meses<\/td>\n<\/tr>\n<tr align=\"center\">\n<td>\u00a0gadwp_wg_default_dimension<\/td>\n<td>Funcionalidad<\/td>\n<td>Gestiona la gesti\u00f3n del acceso a la web y el despliegue de im\u00e1genes.<\/td>\n<td>Propia<\/td>\n<td>\u00a01 semana<\/td>\n<\/tr>\n<tr align=\"center\">\n<td>gadwp_wg_default_metric<\/td>\n<td>Funcionalidad<\/td>\n<td>Gestiona la gesti\u00f3n del acceso a la web y el despliegue de im\u00e1genes.<\/td>\n<td>Propia<\/td>\n<td>1 semana<\/td>\n<\/tr>\n<tr align=\"center\">\n<td>\u00a0lu<\/td>\n<td>Funcionalidad<\/td>\n<td>Cookie del servicio social facebook.<\/td>\n<td>Terceros<\/td>\n<td>\u00a01 a\u00f1o<\/td>\n<\/tr>\n<tr align=\"center\">\n<td>\u00a0cdp-cookies-plugin-wp<\/td>\n<td>Funcionalidad<\/td>\n<td>Aceptaci\u00f3n de instalaci\u00f3n de cookies.<\/td>\n<td>Propia<\/td>\n<td>\u00a01 a\u00f1o<\/td>\n<\/tr>\n<tr align=\"center\">\n<td><\/td>\n<td><\/td>\n<td><\/td>\n<td><\/td>\n<td><\/td>\n<\/tr>\n<\/tbody>\n<\/table>\n<h3>Complemento de inhabilitaci\u00f3n para navegadores de Google Analytics<\/h3>\n<p>Para evitar que Google Analytics recopile y utilice sus datos, ponemos a su disposici\u00f3n la extensi\u00f3n de inhabilitaci\u00f3n para navegadores de Google Analytics en el siguiente enlace.<\/p>\n<p><a href=\"https:\/\/tools.google.com\/dlpage\/gaoptout\/index.html?hl=es\">https:\/\/tools.google.com\/dlpage\/gaoptout\/index.html?hl=es<\/a><\/p>\n<p>Se puede modificar esta Pol\u00edtica de Cookies en funci\u00f3n de exigencias legislativas, reglamentarias, o con la finalidad de adaptar dicha pol\u00edtica a las instrucciones dictadas por la Agencia Espa\u00f1ola de Protecci\u00f3n de Datos, por ello se aconseja a los Usuarios que la visiten peri\u00f3dicamente.<\/p>\n<p>Cuando se produzcan cambios significativos en esta Pol\u00edtica de Cookies, se comunicar\u00e1n a los Usuarios mediante la web<\/p>\n<p>&nbsp;<\/p>\n<p>&nbsp;<\/p>\n<p>&nbsp;<\/p>\n<p>&nbsp;<\/p>\n","protected":false},"excerpt":{"rendered":"<p>En la web www.maderaschapar.com\u00a0utilizamos cookies para facilitar la relaci\u00f3n de los visitantes con nuestro contenido y para permitir elaborar estad\u00edsticas sobre las visitantes que recibimos. En cumplimiento de la Directiva 2009\/136\/CE, desarrollada en nuestro ordenamiento por el apartado segundo del art\u00edculo 22 de la Ley&#8230;<\/p>\n","protected":false},"author":1,"featured_media":0,"parent":0,"menu_order":0,"comment_status":"closed","ping_status":"closed","template":"","meta":{"footnotes":""},"class_list":["post-18089","page","type-page","status-publish","hentry"],"_links":{"self":[{"href":"https:\/\/www.maderaschapar.com\/fr\/wp-json\/wp\/v2\/pages\/18089","targetHints":{"allow":["GET"]}}],"collection":[{"href":"https:\/\/www.maderaschapar.com\/fr\/wp-json\/wp\/v2\/pages"}],"about":[{"href":"https:\/\/www.maderaschapar.com\/fr\/wp-json\/wp\/v2\/types\/page"}],"author":[{"embeddable":true,"href":"https:\/\/www.maderaschapar.com\/fr\/wp-json\/wp\/v2\/users\/1"}],"replies":[{"embeddable":true,"href":"https:\/\/www.maderaschapar.com\/fr\/wp-json\/wp\/v2\/comments?post=18089"}],"version-history":[{"count":4,"href":"https:\/\/www.maderaschapar.com\/fr\/wp-json\/wp\/v2\/pages\/18089\/revisions"}],"predecessor-version":[{"id":18276,"href":"https:\/\/www.maderaschapar.com\/fr\/wp-json\/wp\/v2\/pages\/18089\/revisions\/18276"}],"wp:attachment":[{"href":"https:\/\/www.maderaschapar.com\/fr\/wp-json\/wp\/v2\/media?parent=18089"}],"curies":[{"name":"wp","href":"https:\/\/api.w.org\/{rel}","templated":true}]}}