{"id":17414,"date":"2017-01-16T08:12:58","date_gmt":"2017-01-16T08:12:58","guid":{"rendered":"https:\/\/www.maderaschapar.com\/productos\/"},"modified":"2024-10-07T09:41:14","modified_gmt":"2024-10-07T09:41:14","slug":"produtos","status":"publish","type":"page","link":"https:\/\/www.maderaschapar.com\/pt-pt\/produtos\/","title":{"rendered":"Produtos"},"content":{"rendered":"<div class=\"wpb-content-wrapper\"><p>[vc_row row_type=&#8221;row&#8221; use_row_as_full_screen_section=&#8221;no&#8221; type=&#8221;grid&#8221; angled_section=&#8221;no&#8221; text_align=&#8221;center&#8221; background_image_as_pattern=&#8221;without_pattern&#8221; padding_top=&#8221;75&#8243; padding_bottom=&#8221;40&#8243; css_animation=&#8221;&#8221;][vc_column width=&#8221;1\/6&#8243;][\/vc_column][vc_column width=&#8221;2\/3&#8243;][vc_separator type=&#8221;transparent&#8221; up=&#8221;26&#8243; down=&#8221;0&#8243;][vc_custom_heading text=&#8221;OS NOSSOS PRODUTOS&#8221; font_container=&#8221;tag:h1|font_size:30|text_align:center|color:%239bc13c&#8221; use_theme_fonts=&#8221;yes&#8221;][vc_custom_heading text=&#8221;SOMOS ESPECIALISTAS EM MADEIRA&#8221; font_container=&#8221;tag:h1|font_size:20|text_align:center|color:%23000000&#8243; use_theme_fonts=&#8221;yes&#8221;][vc_column_text css=&#8221;.vc_custom_1507885351971{margin-top: 20px !important;}&#8221;]Num mercado cada vez mais global, a <strong><span style=\"color: #99cc00;\">MADEIRAS CHAPAR<\/span> <\/strong> oferece-lhes uma ampla sele\u00e7\u00e3o de madeiras proveniente dos cinco continentes. Devido \u00e0 nossa grande capacidade de importa\u00e7\u00e3o, realizamos a melhor sele\u00e7\u00e3o de mat\u00e9rias-primas sob uns estritos crit\u00e9rios de qualidade e ambientais.<\/p>\n<p>&nbsp;<\/p>\n<p>Somos especialistas na comercializa\u00e7\u00e3o da madeira em todas as suas formas. Colocamos ao seu servi\u00e7o uma ampla gama de contraplacados para m\u00faltiplos usos, madeira para exterior, perfis de Pinho laminado finger para janelas\u2026<\/p>\n<p>&nbsp;<\/p>\n<p>Assessoramo-lo com a experi\u00eancia que d\u00e3o mais de 40 anos no setor e um profundo conhecimento das mat\u00e9rias-primas e de todas as etapas do processo, desde a sua escolha em origem at\u00e9 \u00e0 sua distribui\u00e7\u00e3o.[\/vc_column_text][\/vc_column][vc_column width=&#8221;1\/6&#8243;][\/vc_column][\/vc_row][vc_row row_type=&#8221;row&#8221; use_row_as_full_screen_section=&#8221;no&#8221; type=&#8221;full_width&#8221; header_style=&#8221;light&#8221; angled_section=&#8221;no&#8221; text_align=&#8221;center&#8221; background_image_as_pattern=&#8221;without_pattern&#8221; css_animation=&#8221;&#8221;][vc_column][vc_empty_space][vc_row_inner row_type=&#8221;row&#8221; use_as_box=&#8221;use_row_as_box&#8221; type=&#8221;full_width&#8221; text_align=&#8221;left&#8221; css_animation=&#8221;&#8221;][vc_column_inner width=&#8221;1\/6&#8243;][\/vc_column_inner][vc_column_inner width=&#8221;2\/3&#8243;][qode_circles columns=&#8221;three_columns&#8221; circle_line=&#8221;with_line&#8221;][qode_circle type=&#8221;image_type&#8221; link_target=&#8221;_self&#8221; title_tag=&#8221;h3&#8243; image=&#8221;16526&#8243; link=&#8221;maderas-frondosas\/&#8221; text=&#8221;Utilizadas geralmente para o fabrico de carpintaria exterior, interior e m\u00f3veis, s\u00e3o muito apreciadas pelos profissionais do setor pela sua nobreza e durabilidade.&#8221; background_transparency=&#8221;0.8&#8243; title=&#8221;Madeiras frondosas&#8221; title_color=&#8221;#99cc00&#8243;][qode_circle type=&#8221;image_type&#8221; link_target=&#8221;_self&#8221; title_tag=&#8221;h3&#8243; border_color=&#8221;#e0e0e0&#8243; image=&#8221;16527&#8243; link=&#8221;maderas-coniferas\/&#8221; title=&#8221;Madeiras con\u00edferas&#8221; title_color=&#8221;#895d10&#8243; text=&#8221;De uma grande resist\u00eancia mec\u00e2nica, estas esp\u00e9cies, que crescem nas florestas dos climas mais frios, s\u00e3o muito apropriadas para madeira de constru\u00e7\u00e3o.&#8221;][qode_circle type=&#8221;image_type&#8221; link_target=&#8221;_self&#8221; title_tag=&#8221;h3&#8243; border_color=&#8221;#e0e0e0&#8243; image=&#8221;16528&#8243; link=&#8221;maderas-tropicales\/&#8221; title=&#8221;Maderas tropicais&#8221; title_color=&#8221;#918000&#8243; text=&#8221;Uma grande variedade de esp\u00e9cies, que, pela sua grande resist\u00eancia \u00e0 humidade e \u00e0s pragas, encontramos em fachadas, plataforma de piscina, terra\u00e7os e jardins.&#8221;][\/qode_circles][\/vc_column_inner][vc_column_inner width=&#8221;1\/6&#8243;][\/vc_column_inner][\/vc_row_inner][vc_row_inner row_type=&#8221;row&#8221; use_as_box=&#8221;use_row_as_box&#8221; type=&#8221;full_width&#8221; text_align=&#8221;left&#8221; padding_top=&#8221;15px&#8221; css_animation=&#8221;&#8221;][vc_column_inner width=&#8221;1\/6&#8243;][\/vc_column_inner][vc_column_inner width=&#8221;2\/3&#8243;][vc_empty_space][qode_circles columns=&#8221;three_columns&#8221; circle_line=&#8221;with_line&#8221;][qode_circle type=&#8221;image_type&#8221; link_target=&#8221;_self&#8221; title_tag=&#8221;h3&#8243; border_color=&#8221;#e0e0e0&#8243; image=&#8221;17049&#8243; link=&#8221;plywood\/&#8221; title=&#8221;Plywood&#8221; title_color=&#8221;#c99a00&#8243; text=&#8221;Pain\u00e9is contraplacados em diferentes esp\u00e9cies, acabamentos e dimens\u00f5es. Devido \u00e0 sua excelente rela\u00e7\u00e3o resist\u00eancia \/ peso s\u00e3o adequados para m\u00faltiplos usos.&#8221;][qode_circle type=&#8221;image_type&#8221; link_target=&#8221;_self&#8221; title_tag=&#8221;h3&#8243; border_color=&#8221;#e0e0e0&#8243; image=&#8221;17274&#8243; link=&#8221;maderas-termotratada\/&#8221; title=&#8221;Madeira Termotratada&#8221; title_color=&#8221;#931f1f&#8221; text=&#8221;Esp\u00e9cies procedentes de florestas europeias submetidas a um tratamento t\u00e9rmico para melhorar a sua estabilidade e isolamento t\u00e9rmico e aumentar a sua resist\u00eancia no uso exterior.&#8221;][qode_circle type=&#8221;image_type&#8221; link_target=&#8221;_self&#8221; title_tag=&#8221;h3&#8243; border_color=&#8221;#e0e0e0&#8243; image=&#8221;17050&#8243; link=&#8221;perfil-laminado\/&#8221; title=&#8221;Perfil laminado&#8221; title_color=&#8221;#1a8fb2&#8243; text=&#8221;Madeira finger livre de defeitos, escovada a quatro faces. Um produto semielaborado de grande estabilidade dimensional, que permite poupar madeira e reduzir custos.&#8221;][\/qode_circles][\/vc_column_inner][vc_column_inner width=&#8221;1\/6&#8243;][\/vc_column_inner][\/vc_row_inner][vc_row_inner row_type=&#8221;row&#8221; use_as_box=&#8221;use_row_as_box&#8221; type=&#8221;full_width&#8221; text_align=&#8221;left&#8221; padding_top=&#8221;15px&#8221; css_animation=&#8221;&#8221;][vc_column_inner width=&#8221;1\/6&#8243;][\/vc_column_inner][vc_column_inner width=&#8221;2\/3&#8243;][vc_empty_space][qode_circles columns=&#8221;three_columns&#8221; circle_line=&#8221;with_line&#8221;][qode_circle type=&#8221;image_type&#8221; link_target=&#8221;_self&#8221; title_tag=&#8221;h3&#8243; border_color=&#8221;#e0e0e0&#8243; image=&#8221;18320&#8243; link=&#8221;https:\/\/www.maderaschapar.com\/pt-pt\/produtos\/blanks\/&#8221; title=&#8221;Blanks&#8221; title_color=&#8221;#c99a00&#8243; text=&#8221;Produto semiacabado em r\u00e9guas de madeira maci\u00e7a coladas em finger-joint com cola de acetato de polivinilo (PVA).&#8221;][\/qode_circles][\/vc_column_inner][vc_column_inner width=&#8221;1\/6&#8243;][\/vc_column_inner][\/vc_row_inner][vc_empty_space height=&#8221;52px&#8221;][\/vc_column][\/vc_row]<\/p>\n<\/div>","protected":false},"excerpt":{"rendered":"<p>[vc_row row_type=&#8221;row&#8221; use_row_as_full_screen_section=&#8221;no&#8221; type=&#8221;grid&#8221; angled_section=&#8221;no&#8221; text_align=&#8221;center&#8221; background_image_as_pattern=&#8221;without_pattern&#8221; padding_top=&#8221;75&#8243; padding_bottom=&#8221;40&#8243; css_animation=&#8221;&#8221;][vc_column width=&#8221;1\/6&#8243;][\/vc_column][vc_column width=&#8221;2\/3&#8243;][vc_separator type=&#8221;transparent&#8221; up=&#8221;26&#8243; down=&#8221;0&#8243;][vc_custom_heading text=&#8221;OS NOSSOS PRODUTOS&#8221; font_container=&#8221;tag:h1|font_size:30|text_align:center|color:%239bc13c&#8221; use_theme_fonts=&#8221;yes&#8221;][vc_custom_heading text=&#8221;SOMOS ESPECIALISTAS EM MADEIRA&#8221; font_container=&#8221;tag:h1|font_size:20|text_align:center|color:%23000000&#8243; use_theme_fonts=&#8221;yes&#8221;][vc_column_text css=&#8221;.vc_custom_1507885351971{margin-top: 20px !important;}&#8221;]Num mercado cada vez mais global, a MADEIRAS CHAPAR oferece-lhes uma ampla sele\u00e7\u00e3o de madeiras proveniente dos&#8230;<\/p>\n","protected":false},"author":1,"featured_media":0,"parent":0,"menu_order":0,"comment_status":"open","ping_status":"closed","template":"full_width.php","meta":{"footnotes":""},"class_list":["post-17414","page","type-page","status-publish","hentry"],"_links":{"self":[{"href":"https:\/\/www.maderaschapar.com\/pt-pt\/wp-json\/wp\/v2\/pages\/17414","targetHints":{"allow":["GET"]}}],"collection":[{"href":"https:\/\/www.maderaschapar.com\/pt-pt\/wp-json\/wp\/v2\/pages"}],"about":[{"href":"https:\/\/www.maderaschapar.com\/pt-pt\/wp-json\/wp\/v2\/types\/page"}],"author":[{"embeddable":true,"href":"https:\/\/www.maderaschapar.com\/pt-pt\/wp-json\/wp\/v2\/users\/1"}],"replies":[{"embeddable":true,"href":"https:\/\/www.maderaschapar.com\/pt-pt\/wp-json\/wp\/v2\/comments?post=17414"}],"version-history":[{"count":5,"href":"https:\/\/www.maderaschapar.com\/pt-pt\/wp-json\/wp\/v2\/pages\/17414\/revisions"}],"predecessor-version":[{"id":18393,"href":"https:\/\/www.maderaschapar.com\/pt-pt\/wp-json\/wp\/v2\/pages\/17414\/revisions\/18393"}],"wp:attachment":[{"href":"https:\/\/www.maderaschapar.com\/pt-pt\/wp-json\/wp\/v2\/media?parent=17414"}],"curies":[{"name":"wp","href":"https:\/\/api.w.org\/{rel}","templated":true}]}}